{"id":45958,"date":"2026-01-27T21:03:52","date_gmt":"2026-01-27T21:03:52","guid":{"rendered":"https:\/\/www.deporteseli.com\/?product=tenis-joma-school-2532"},"modified":"2026-03-19T05:19:05","modified_gmt":"2026-03-19T05:19:05","slug":"tenis-joma-school-2532","status":"publish","type":"product","link":"https:\/\/www.deporteseli.com\/?product=tenis-joma-school-2532","title":{"rendered":"TENIS JOMA SCHOOL 2532"},"content":{"rendered":"<p>Descripci\u00f3n  Descubre la comodidad y el estilo de los zapatos JOMA. Estos modelos est\u00e1n elaborados con un corte de piel y micro PU que garantizan durabilidad y un acabado elegante. Disponen de un cierre adherente que proporciona un ajuste perfecto. La plantilla de piel ofrece comodidad en cada paso. Adem\u00e1s, la suela de caucho asegura un excelente agarre y resistencia al desgaste. El logo de la marca destaca la calidad del producto. Disponible en un cl\u00e1sico color blanco, estos zapatos son ideales para cualquier ocasi\u00f3n. Perfectos para quienes buscan un calzado funcional y atractivo. No te pierdas la oportunidad de lucir un dise\u00f1o que combina confort y estilo en cada paso que das.    Caracter\u00edsticas  Corte de piel y micro PU  Cierre adherente  Plantilla de piel  Suela caucho  Material resistente  Logo de la marca                                                                                                                                                                                                                                                                                                                                                                                                                                                                                                                                                                                                                                                                                                                                                                                                                                                                                                                                                                                                                                        <\/p>\n","protected":false},"excerpt":{"rendered":"<p>TENIS JOMA SCHOOL 2532<\/p>\n","protected":false},"featured_media":58732,"template":"","meta":[],"product_brand":[],"product_cat":[308],"product_tag":[31],"class_list":{"0":"post-45958","1":"product","2":"type-product","3":"status-publish","4":"has-post-thumbnail","6":"product_cat-nino_calzado_running","7":"product_tag-joma","8":"pa_color-unico","9":"pa_talla-115","10":"pa_talla-117","11":"pa_talla-119","12":"pa_talla-121","13":"pa_talla-123","14":"pa_talla-125","15":"pa_talla-127","16":"pa_talla-129","17":"pa_talla-131","18":"pa_talla-133","19":"pa_talla-135","20":"pa_talla-137","21":"pa_talla-139","22":"pa_talla-145","23":"pa_talla-42-5","24":"thunk-woo-product-list","25":"opn-qv-enable","26":"open-woo-hover-","27":"open-single-product-tab-horizontal","28":"open-shadow-","29":"open-shadow-hover-","31":"first","32":"instock","33":"sale","34":"shipping-taxable","35":"purchasable","36":"product-type-variable"},"jetpack_sharing_enabled":true,"_links":{"self":[{"href":"https:\/\/www.deporteseli.com\/index.php?rest_route=\/wp\/v2\/product\/45958","targetHints":{"allow":["GET"]}}],"collection":[{"href":"https:\/\/www.deporteseli.com\/index.php?rest_route=\/wp\/v2\/product"}],"about":[{"href":"https:\/\/www.deporteseli.com\/index.php?rest_route=\/wp\/v2\/types\/product"}],"wp:featuredmedia":[{"embeddable":true,"href":"https:\/\/www.deporteseli.com\/index.php?rest_route=\/wp\/v2\/media\/58732"}],"wp:attachment":[{"href":"https:\/\/www.deporteseli.com\/index.php?rest_route=%2Fwp%2Fv2%2Fmedia&parent=45958"}],"wp:term":[{"taxonomy":"product_brand","embeddable":true,"href":"https:\/\/www.deporteseli.com\/index.php?rest_route=%2Fwp%2Fv2%2Fproduct_brand&post=45958"},{"taxonomy":"product_cat","embeddable":true,"href":"https:\/\/www.deporteseli.com\/index.php?rest_route=%2Fwp%2Fv2%2Fproduct_cat&post=45958"},{"taxonomy":"product_tag","embeddable":true,"href":"https:\/\/www.deporteseli.com\/index.php?rest_route=%2Fwp%2Fv2%2Fproduct_tag&post=45958"}],"curies":[{"name":"wp","href":"https:\/\/api.w.org\/{rel}","templated":true}]}}