{"id":45941,"date":"2026-01-27T21:03:28","date_gmt":"2026-01-27T21:03:28","guid":{"rendered":"https:\/\/www.deporteseli.com\/?product=camisa-adidas-jj0060"},"modified":"2026-03-10T05:23:14","modified_gmt":"2026-03-10T05:23:14","slug":"camisa-adidas-jj0060","status":"publish","type":"product","link":"https:\/\/www.deporteseli.com\/?product=camisa-adidas-jj0060","title":{"rendered":"CAMISA ADIDAS JJ0060"},"content":{"rendered":"<p>Camiseta Squadra 25 Kids  Una camiseta de partido que controla la humedad, fabricada con materiales reciclados.  Si\u00e9ntanse como un equipo con una camiseta de adidas juvenil que celebra la uni\u00f3n en la cancha de f\u00fatbol. Combina un cuello redondo acanalado con las emblem\u00e1ticas 3 Rayas en los hombros y luce un estilo minimalista que te permite agregar los detalles de tu propio equipo. Trabajando duro en segundo plano, AEROREADY controla los niveles de humedad para que siempre est\u00e9s a tope. Este producto est\u00e1 fabricado con materiales 100 % reciclados. Utilizando materiales reciclados disminuimos los residuos, nuestra dependencia de los recursos finitos y la huella que generan los productos que fabricamos.                                                                                                                                                                                                                                                                                                                                                                                                                                                                                                                                                                                                                                                                                                                                                                                                                                                                                                                                                                                                                                        <\/p>\n","protected":false},"excerpt":{"rendered":"<p>CAMISA ADIDAS JJ0060<\/p>\n","protected":false},"featured_media":58719,"template":"","meta":[],"product_brand":[],"product_cat":[296],"product_tag":[18],"class_list":{"0":"post-45941","1":"product","2":"type-product","3":"status-publish","4":"has-post-thumbnail","6":"product_cat-nino_textil_camisetas","7":"product_tag-adidas","8":"pa_color-unico","9":"pa_talla-t-10","10":"pa_talla-t-12","11":"pa_talla-t-14","12":"pa_talla-t-16","13":"thunk-woo-product-list","14":"opn-qv-enable","15":"open-woo-hover-","16":"open-single-product-tab-horizontal","17":"open-shadow-","18":"open-shadow-hover-","20":"first","21":"instock","22":"shipping-taxable","23":"purchasable","24":"product-type-variable"},"jetpack_sharing_enabled":true,"_links":{"self":[{"href":"https:\/\/www.deporteseli.com\/index.php?rest_route=\/wp\/v2\/product\/45941","targetHints":{"allow":["GET"]}}],"collection":[{"href":"https:\/\/www.deporteseli.com\/index.php?rest_route=\/wp\/v2\/product"}],"about":[{"href":"https:\/\/www.deporteseli.com\/index.php?rest_route=\/wp\/v2\/types\/product"}],"wp:featuredmedia":[{"embeddable":true,"href":"https:\/\/www.deporteseli.com\/index.php?rest_route=\/wp\/v2\/media\/58719"}],"wp:attachment":[{"href":"https:\/\/www.deporteseli.com\/index.php?rest_route=%2Fwp%2Fv2%2Fmedia&parent=45941"}],"wp:term":[{"taxonomy":"product_brand","embeddable":true,"href":"https:\/\/www.deporteseli.com\/index.php?rest_route=%2Fwp%2Fv2%2Fproduct_brand&post=45941"},{"taxonomy":"product_cat","embeddable":true,"href":"https:\/\/www.deporteseli.com\/index.php?rest_route=%2Fwp%2Fv2%2Fproduct_cat&post=45941"},{"taxonomy":"product_tag","embeddable":true,"href":"https:\/\/www.deporteseli.com\/index.php?rest_route=%2Fwp%2Fv2%2Fproduct_tag&post=45941"}],"curies":[{"name":"wp","href":"https:\/\/api.w.org\/{rel}","templated":true}]}}