{"id":45930,"date":"2026-01-27T21:03:13","date_gmt":"2026-01-27T21:03:13","guid":{"rendered":"https:\/\/www.deporteseli.com\/?product=gantes-predator-competicion"},"modified":"2026-01-27T21:03:17","modified_gmt":"2026-01-27T21:03:17","slug":"gantes-predator-competicion","status":"publish","type":"product","link":"https:\/\/www.deporteseli.com\/?product=gantes-predator-competicion","title":{"rendered":"GANTES PREDATOR COMPETICI\u00f3N"},"content":{"rendered":"<p>Controla el partido a tu antojo  Ataja cada bal\u00f3n con estos guantes de portero adidas Predator Competition. Creados para que brilles en los d\u00edas de partido, presentan una palma de l\u00e1tex URG 2.0 de gran agarre y un dorso Mechano flexible. El corte negativo en los dedos te ofrece un movimiento c\u00f3modo y natural, mientras que la correa de l\u00e1tex en la mu\u00f1eca te garantiza un ajuste a medida para que nunca pierdas la concentraci\u00f3n.  Corte negativo  80% poli\u00e9ster (reciclado) \/ 20% poliuretano  Palma de l\u00e1tex URG 2.0  Dorso Mechano con inserciones de silicona  Correa de l\u00e1tex en la mu\u00f1eca  Panel de l\u00e1tex en el pulgar para un mayor agarre  Color del art\u00edculo: Lucid Red \/ Black \/ White  N\u00famero de art\u00edculo: JH3821                                                                                                                                                                                                                                                                                                                                                                                                                                                                                                                                                                                                                                                                                                                                                                                                                                                                                                                                                                                                                                        <\/p>\n","protected":false},"excerpt":{"rendered":"<p>GANTES PREDATOR COMPETICI\u00f3N<\/p>\n","protected":false},"featured_media":58708,"template":"","meta":[],"product_brand":[],"product_cat":[322],"product_tag":[18],"class_list":{"0":"post-45930","1":"product","2":"type-product","3":"status-publish","4":"has-post-thumbnail","6":"product_cat-deportes_futbol_guantes_portero","7":"product_tag-adidas","8":"pa_color-unico","9":"pa_talla-171","10":"pa_talla-t-8","11":"pa_talla-t-9","12":"thunk-woo-product-list","13":"opn-qv-enable","14":"open-woo-hover-","15":"open-single-product-tab-horizontal","16":"open-shadow-","17":"open-shadow-hover-","19":"first","20":"instock","21":"sale","22":"shipping-taxable","23":"purchasable","24":"product-type-variable"},"jetpack_sharing_enabled":true,"_links":{"self":[{"href":"https:\/\/www.deporteseli.com\/index.php?rest_route=\/wp\/v2\/product\/45930","targetHints":{"allow":["GET"]}}],"collection":[{"href":"https:\/\/www.deporteseli.com\/index.php?rest_route=\/wp\/v2\/product"}],"about":[{"href":"https:\/\/www.deporteseli.com\/index.php?rest_route=\/wp\/v2\/types\/product"}],"wp:featuredmedia":[{"embeddable":true,"href":"https:\/\/www.deporteseli.com\/index.php?rest_route=\/wp\/v2\/media\/58708"}],"wp:attachment":[{"href":"https:\/\/www.deporteseli.com\/index.php?rest_route=%2Fwp%2Fv2%2Fmedia&parent=45930"}],"wp:term":[{"taxonomy":"product_brand","embeddable":true,"href":"https:\/\/www.deporteseli.com\/index.php?rest_route=%2Fwp%2Fv2%2Fproduct_brand&post=45930"},{"taxonomy":"product_cat","embeddable":true,"href":"https:\/\/www.deporteseli.com\/index.php?rest_route=%2Fwp%2Fv2%2Fproduct_cat&post=45930"},{"taxonomy":"product_tag","embeddable":true,"href":"https:\/\/www.deporteseli.com\/index.php?rest_route=%2Fwp%2Fv2%2Fproduct_tag&post=45930"}],"curies":[{"name":"wp","href":"https:\/\/api.w.org\/{rel}","templated":true}]}}