{"id":45925,"date":"2026-01-27T21:03:02","date_gmt":"2026-01-27T21:03:02","guid":{"rendered":"https:\/\/www.deporteseli.com\/?product=conjunto-real-madrid-portero-2025-26"},"modified":"2026-03-31T04:17:59","modified_gmt":"2026-03-31T04:17:59","slug":"conjunto-real-madrid-portero-2025-26","status":"publish","type":"product","link":"https:\/\/www.deporteseli.com\/?product=conjunto-real-madrid-portero-2025-26","title":{"rendered":"CONJUNTO REAL MADRID PORTERO 2025\/26"},"content":{"rendered":"<p>Un conjunto de portero profesional que brilla con el estilo del Real Madrid  Defiende los colores de tu equipo de f\u00fatbol. Esta equipaci\u00f3n de portero del Real Madrid de adidas junior te permite representar a tu equipo favorito con estilo. El conjunto, que incluye camiseta, pantal\u00f3n corto y calcetines, se ha dise\u00f1ado para dar el soporte espec\u00edfico que necesitan los j\u00f3venes guardametas. Para animar desde la grada o situarte entre los palos, AEROREADY, que controla la humedad, te mantiene seco y concentrado.  Corte cl\u00e1sico  Cuello redondo  100 % poli\u00e9ster (reciclado)  AEROREADY  Pantal\u00f3n corto con cintura el\u00e1stica  Calcetines incluidos  Escudos bordados del Real Madrid  Color del art\u00edculo: Blue Burst \/ Ray Blue  N\u00famero de art\u00edculo: JP4174                                                                                                                                                                                                                                                                                                                                                                                                                                                                                                                                                                                                                                                                                                                                                                                                                                                                                                                                                                                                                                        <\/p>\n","protected":false},"excerpt":{"rendered":"<p>CONJUNTO REAL MADRID PORTERO 2025\/26<\/p>\n","protected":false},"featured_media":58705,"template":"","meta":[],"product_brand":[],"product_cat":[297],"product_tag":[18],"class_list":{"0":"post-45925","1":"product","2":"type-product","3":"status-publish","4":"has-post-thumbnail","6":"product_cat-nino_textil_conjuntos","7":"product_tag-adidas","8":"pa_color-unico","9":"pa_talla-t-10","10":"pa_talla-t-12","11":"pa_talla-t-14","12":"pa_talla-t-8","13":"thunk-woo-product-list","14":"opn-qv-enable","15":"open-woo-hover-","16":"open-single-product-tab-horizontal","17":"open-shadow-","18":"open-shadow-hover-","20":"first","21":"instock","22":"sale","23":"shipping-taxable","24":"purchasable","25":"product-type-variable"},"jetpack_sharing_enabled":true,"_links":{"self":[{"href":"https:\/\/www.deporteseli.com\/index.php?rest_route=\/wp\/v2\/product\/45925","targetHints":{"allow":["GET"]}}],"collection":[{"href":"https:\/\/www.deporteseli.com\/index.php?rest_route=\/wp\/v2\/product"}],"about":[{"href":"https:\/\/www.deporteseli.com\/index.php?rest_route=\/wp\/v2\/types\/product"}],"wp:featuredmedia":[{"embeddable":true,"href":"https:\/\/www.deporteseli.com\/index.php?rest_route=\/wp\/v2\/media\/58705"}],"wp:attachment":[{"href":"https:\/\/www.deporteseli.com\/index.php?rest_route=%2Fwp%2Fv2%2Fmedia&parent=45925"}],"wp:term":[{"taxonomy":"product_brand","embeddable":true,"href":"https:\/\/www.deporteseli.com\/index.php?rest_route=%2Fwp%2Fv2%2Fproduct_brand&post=45925"},{"taxonomy":"product_cat","embeddable":true,"href":"https:\/\/www.deporteseli.com\/index.php?rest_route=%2Fwp%2Fv2%2Fproduct_cat&post=45925"},{"taxonomy":"product_tag","embeddable":true,"href":"https:\/\/www.deporteseli.com\/index.php?rest_route=%2Fwp%2Fv2%2Fproduct_tag&post=45925"}],"curies":[{"name":"wp","href":"https:\/\/api.w.org\/{rel}","templated":true}]}}