{"id":45918,"date":"2026-01-27T21:02:49","date_gmt":"2026-01-27T21:02:49","guid":{"rendered":"https:\/\/www.deporteseli.com\/?product=camisa-real-madrid-1a-equip-2025-26"},"modified":"2026-03-03T05:19:06","modified_gmt":"2026-03-03T05:19:06","slug":"camisa-real-madrid-1a-equip-2025-26","status":"publish","type":"product","link":"https:\/\/www.deporteseli.com\/?product=camisa-real-madrid-1a-equip-2025-26","title":{"rendered":"CAMISA REAL MADRID 1\u00aa EQUIP. 2025\/26"},"content":{"rendered":"<p>Camiseta Local Real Madrid 25\/26 Ni\u00f1os  Rinde homenaje a la emblem\u00e1tica casa del Real Madrid con esta camiseta de f\u00fatbol para hinchas.  Construido sobre cimientos firmes. Con esta camiseta local de adidas para j\u00f3venes del Real Madrid, se celebra la \u00faltima remodelaci\u00f3n del estadio Bernab\u00e9u: tiene un dise\u00f1o de formas sutiles, texturas y colores tomados de su larga y emblem\u00e1tica historia. Creada para la temporada 25\/26 en el legendario estadio, incorpora la tecnolog\u00eda de absorci\u00f3n AEROREADY para mayor comodidad y un escudo del club bordado para reflejar un orgullo inigualable.  Corte cl\u00e1sico  Cuello redondo  100 % poli\u00e9ster (reciclado)  AEROREADY  Escudo bordado del Real Madrid  C\u00f3digo del producto : JN8887                                                                                                                                                                                                                                                                                                                                                                                                                                                                                                                                                                                                                                                                                                                                                                                                                                                                                                                                                                                                                                        <\/p>\n","protected":false},"excerpt":{"rendered":"<p>CAMISA REAL MADRID 1\u00aa EQUIP. 2025\/26<\/p>\n","protected":false},"featured_media":58699,"template":"","meta":[],"product_brand":[],"product_cat":[296],"product_tag":[18],"class_list":{"0":"post-45918","1":"product","2":"type-product","3":"status-publish","4":"has-post-thumbnail","6":"product_cat-nino_textil_camisetas","7":"product_tag-adidas","8":"pa_color-unico","9":"pa_talla-t-14","10":"pa_talla-t-16","11":"thunk-woo-product-list","12":"opn-qv-enable","13":"open-woo-hover-","14":"open-single-product-tab-horizontal","15":"open-shadow-","16":"open-shadow-hover-","18":"first","19":"instock","20":"sale","21":"shipping-taxable","22":"purchasable","23":"product-type-variable"},"jetpack_sharing_enabled":true,"_links":{"self":[{"href":"https:\/\/www.deporteseli.com\/index.php?rest_route=\/wp\/v2\/product\/45918","targetHints":{"allow":["GET"]}}],"collection":[{"href":"https:\/\/www.deporteseli.com\/index.php?rest_route=\/wp\/v2\/product"}],"about":[{"href":"https:\/\/www.deporteseli.com\/index.php?rest_route=\/wp\/v2\/types\/product"}],"wp:featuredmedia":[{"embeddable":true,"href":"https:\/\/www.deporteseli.com\/index.php?rest_route=\/wp\/v2\/media\/58699"}],"wp:attachment":[{"href":"https:\/\/www.deporteseli.com\/index.php?rest_route=%2Fwp%2Fv2%2Fmedia&parent=45918"}],"wp:term":[{"taxonomy":"product_brand","embeddable":true,"href":"https:\/\/www.deporteseli.com\/index.php?rest_route=%2Fwp%2Fv2%2Fproduct_brand&post=45918"},{"taxonomy":"product_cat","embeddable":true,"href":"https:\/\/www.deporteseli.com\/index.php?rest_route=%2Fwp%2Fv2%2Fproduct_cat&post=45918"},{"taxonomy":"product_tag","embeddable":true,"href":"https:\/\/www.deporteseli.com\/index.php?rest_route=%2Fwp%2Fv2%2Fproduct_tag&post=45918"}],"curies":[{"name":"wp","href":"https:\/\/api.w.org\/{rel}","templated":true}]}}