{"id":45915,"date":"2026-01-27T21:02:44","date_gmt":"2026-01-27T21:02:44","guid":{"rendered":"https:\/\/www.deporteseli.com\/?product=set-real-madrid-1a-equip-2025-26"},"modified":"2026-04-11T04:17:43","modified_gmt":"2026-04-11T04:17:43","slug":"set-real-madrid-1a-equip-2025-26","status":"publish","type":"product","link":"https:\/\/www.deporteseli.com\/?product=set-real-madrid-1a-equip-2025-26","title":{"rendered":"SET REAL MADRID 1\u00aa EQUIP. 2025\/26"},"content":{"rendered":"<p>Podr\u00e1n rendir homenaje al emblem\u00e1tico estadio del Real Madrid con este uniforme adidas para ni\u00f1os.  Lucir\u00e1n como una estrella del equipo local con este uniforme del Real Madrid para ni\u00f1os inspirado en el Bernab\u00e9u. Con el ic\u00f3nico blanco, este conjunto de jersey, shorts y medias celebra la historia del legendario estadio del club con detalles inspirados en su evoluci\u00f3n. AEROREADY, que controla la humedad, los mantiene secos y c\u00f3modos mientras demuestran sus habilidades futbol\u00edsticas.  Corte cl\u00e1sico  Cuello redondo  100 % poli\u00e9ster (reciclado)  AEROREADY  Shorts con cintura el\u00e1stica  Calcetines incluidos  Escudos del Real Madrid termotransferidos  Color del art\u00edculo: White  N\u00famero de art\u00edculo: JN8870                                                                                                                                                                                                                                                                                                                                                                                                                                                                                                                                                                                                                                                                                                                                                                                                                                                                                                                                                                                                                                        <\/p>\n","protected":false},"excerpt":{"rendered":"<p>SET REAL MADRID 1\u00aa EQUIP. 2025\/26<\/p>\n","protected":false},"featured_media":58696,"template":"","meta":[],"product_brand":[],"product_cat":[297],"product_tag":[18],"class_list":{"0":"post-45915","1":"product","2":"type-product","3":"status-publish","4":"has-post-thumbnail","6":"product_cat-nino_textil_conjuntos","7":"product_tag-adidas","8":"pa_color-unico","9":"pa_talla-168","10":"pa_talla-169","11":"thunk-woo-product-list","12":"opn-qv-enable","13":"open-woo-hover-","14":"open-single-product-tab-horizontal","15":"open-shadow-","16":"open-shadow-hover-","18":"first","19":"instock","20":"sale","21":"shipping-taxable","22":"purchasable","23":"product-type-variable"},"jetpack_sharing_enabled":true,"_links":{"self":[{"href":"https:\/\/www.deporteseli.com\/index.php?rest_route=\/wp\/v2\/product\/45915","targetHints":{"allow":["GET"]}}],"collection":[{"href":"https:\/\/www.deporteseli.com\/index.php?rest_route=\/wp\/v2\/product"}],"about":[{"href":"https:\/\/www.deporteseli.com\/index.php?rest_route=\/wp\/v2\/types\/product"}],"wp:featuredmedia":[{"embeddable":true,"href":"https:\/\/www.deporteseli.com\/index.php?rest_route=\/wp\/v2\/media\/58696"}],"wp:attachment":[{"href":"https:\/\/www.deporteseli.com\/index.php?rest_route=%2Fwp%2Fv2%2Fmedia&parent=45915"}],"wp:term":[{"taxonomy":"product_brand","embeddable":true,"href":"https:\/\/www.deporteseli.com\/index.php?rest_route=%2Fwp%2Fv2%2Fproduct_brand&post=45915"},{"taxonomy":"product_cat","embeddable":true,"href":"https:\/\/www.deporteseli.com\/index.php?rest_route=%2Fwp%2Fv2%2Fproduct_cat&post=45915"},{"taxonomy":"product_tag","embeddable":true,"href":"https:\/\/www.deporteseli.com\/index.php?rest_route=%2Fwp%2Fv2%2Fproduct_tag&post=45915"}],"curies":[{"name":"wp","href":"https:\/\/api.w.org\/{rel}","templated":true}]}}