{"id":45911,"date":"2026-01-27T21:02:35","date_gmt":"2026-01-27T21:02:35","guid":{"rendered":"https:\/\/www.deporteseli.com\/?product=balon-adidas-jh12838"},"modified":"2026-01-27T21:02:38","modified_gmt":"2026-01-27T21:02:38","slug":"balon-adidas-jh12838","status":"publish","type":"product","link":"https:\/\/www.deporteseli.com\/?product=balon-adidas-jh12838","title":{"rendered":"BALON ADIDAS JH12838"},"content":{"rendered":"<p>Insp\u00edrate en los mejores de Europa  Este bal\u00f3n de f\u00fatbol adidas Club luce un impresionante dise\u00f1o inspirado en el esf\u00e9rico oficial de la UCL. Presenta una cubierta de TPU cosida a m\u00e1quina que aporta mayor durabilidad y luce el logotipo del torneo y elegantes detalles que rinden homenaje a M\u00fanich. Perfecto para disputar partidillos y practicar tus habilidades, cuenta con una robusta c\u00e1mara de butilo para que solo te preocupes de jugar, no de inflarlo.  100% poliuretano termopl\u00e1stico (reciclado)  Cosido a m\u00e1quina  C\u00e1mara de butilo  Logotipo estampado de la UEFA Champions League  Es necesario inflarlo  Color del art\u00edculo: Iron Metallic \/ White \/ Hi-Res Green  N\u00famero de art\u00edculo: JH1283                                                                                                                                                                                                                                                                                                                                                                                                                                                                                                                                                                                                                                                                                                                                                                                                                                                                                                                                                                                                                                        <\/p>\n","protected":false},"excerpt":{"rendered":"<p>BALON ADIDAS JH12838<\/p>\n","protected":false},"featured_media":58690,"template":"","meta":[],"product_brand":[],"product_cat":[347],"product_tag":[18],"class_list":{"0":"post-45911","1":"product","2":"type-product","3":"status-publish","4":"has-post-thumbnail","6":"product_cat-deportes_balones","7":"product_tag-adidas","8":"pa_color-unico","9":"pa_talla-167","10":"thunk-woo-product-list","11":"opn-qv-enable","12":"open-woo-hover-","13":"open-single-product-tab-horizontal","14":"open-shadow-","15":"open-shadow-hover-","17":"first","18":"instock","19":"shipping-taxable","20":"purchasable","21":"product-type-variable"},"jetpack_sharing_enabled":true,"_links":{"self":[{"href":"https:\/\/www.deporteseli.com\/index.php?rest_route=\/wp\/v2\/product\/45911","targetHints":{"allow":["GET"]}}],"collection":[{"href":"https:\/\/www.deporteseli.com\/index.php?rest_route=\/wp\/v2\/product"}],"about":[{"href":"https:\/\/www.deporteseli.com\/index.php?rest_route=\/wp\/v2\/types\/product"}],"wp:featuredmedia":[{"embeddable":true,"href":"https:\/\/www.deporteseli.com\/index.php?rest_route=\/wp\/v2\/media\/58690"}],"wp:attachment":[{"href":"https:\/\/www.deporteseli.com\/index.php?rest_route=%2Fwp%2Fv2%2Fmedia&parent=45911"}],"wp:term":[{"taxonomy":"product_brand","embeddable":true,"href":"https:\/\/www.deporteseli.com\/index.php?rest_route=%2Fwp%2Fv2%2Fproduct_brand&post=45911"},{"taxonomy":"product_cat","embeddable":true,"href":"https:\/\/www.deporteseli.com\/index.php?rest_route=%2Fwp%2Fv2%2Fproduct_cat&post=45911"},{"taxonomy":"product_tag","embeddable":true,"href":"https:\/\/www.deporteseli.com\/index.php?rest_route=%2Fwp%2Fv2%2Fproduct_tag&post=45911"}],"curies":[{"name":"wp","href":"https:\/\/api.w.org\/{rel}","templated":true}]}}