{"id":45907,"date":"2026-01-27T21:02:27","date_gmt":"2026-01-27T21:02:27","guid":{"rendered":"https:\/\/www.deporteseli.com\/?product=camisa-head-816255"},"modified":"2026-03-07T06:25:08","modified_gmt":"2026-03-07T06:25:08","slug":"camisa-head-816255","status":"publish","type":"product","link":"https:\/\/www.deporteseli.com\/?product=camisa-head-816255","title":{"rendered":"CAMISA HEAD 816255"},"content":{"rendered":"<p>La Camiseta Head Slice II ofrece frescura, ligereza y secado r\u00e1pido, con tecnolog\u00eda MXM y un dise\u00f1o deportivo moderno.                                                                                                                                                                                                                                                                                                                                                                                                                                                                                                                                                                                                                                                                                                                                                                                                                                                                                                                                                                                                                                        <\/p>\n","protected":false},"excerpt":{"rendered":"<p>CAMISA HEAD 816255<\/p>\n","protected":false},"featured_media":58688,"template":"","meta":[],"product_brand":[],"product_cat":[364],"product_tag":[22],"class_list":{"0":"post-45907","1":"product","2":"type-product","3":"status-publish","4":"has-post-thumbnail","6":"product_cat-padel_y_tenis_textil_camisas","7":"product_tag-head","8":"pa_color-unico","9":"pa_talla-t-10","10":"pa_talla-t-14","11":"pa_talla-t-8","12":"thunk-woo-product-list","13":"opn-qv-enable","14":"open-woo-hover-","15":"open-single-product-tab-horizontal","16":"open-shadow-","17":"open-shadow-hover-","19":"first","20":"instock","21":"shipping-taxable","22":"purchasable","23":"product-type-variable"},"jetpack_sharing_enabled":true,"_links":{"self":[{"href":"https:\/\/www.deporteseli.com\/index.php?rest_route=\/wp\/v2\/product\/45907","targetHints":{"allow":["GET"]}}],"collection":[{"href":"https:\/\/www.deporteseli.com\/index.php?rest_route=\/wp\/v2\/product"}],"about":[{"href":"https:\/\/www.deporteseli.com\/index.php?rest_route=\/wp\/v2\/types\/product"}],"wp:featuredmedia":[{"embeddable":true,"href":"https:\/\/www.deporteseli.com\/index.php?rest_route=\/wp\/v2\/media\/58688"}],"wp:attachment":[{"href":"https:\/\/www.deporteseli.com\/index.php?rest_route=%2Fwp%2Fv2%2Fmedia&parent=45907"}],"wp:term":[{"taxonomy":"product_brand","embeddable":true,"href":"https:\/\/www.deporteseli.com\/index.php?rest_route=%2Fwp%2Fv2%2Fproduct_brand&post=45907"},{"taxonomy":"product_cat","embeddable":true,"href":"https:\/\/www.deporteseli.com\/index.php?rest_route=%2Fwp%2Fv2%2Fproduct_cat&post=45907"},{"taxonomy":"product_tag","embeddable":true,"href":"https:\/\/www.deporteseli.com\/index.php?rest_route=%2Fwp%2Fv2%2Fproduct_tag&post=45907"}],"curies":[{"name":"wp","href":"https:\/\/api.w.org\/{rel}","templated":true}]}}