{"id":45905,"date":"2026-01-27T21:02:24","date_gmt":"2026-01-27T21:02:24","guid":{"rendered":"https:\/\/www.deporteseli.com\/?product=pala-wilson-bela-v3-padel"},"modified":"2026-04-18T04:19:02","modified_gmt":"2026-04-18T04:19:02","slug":"pala-wilson-bela-v3-padel","status":"publish","type":"product","link":"https:\/\/www.deporteseli.com\/?product=pala-wilson-bela-v3-padel","title":{"rendered":"PALA WILSON BELA V3 PADEL"},"content":{"rendered":"<p>Descripci\u00f3n  La pala de p\u00e1del Wilson Bela V3 es una opci\u00f3n ideal para jugadores que buscan calidad y rendimiento en la cancha. Fabricada con un n\u00facleo de poliuretano, esta pala ofrece un excelente control y durabilidad.  Su eje de fibra de carbono proporciona una mayor rigidez y potencia en cada golpe.  Con un dise\u00f1o atractivo y moderno, la pala Wilson Bela V3 se adapta a diferentes estilos de juego, permitiendo a los jugadores mejorar su desempe\u00f1o.  Ya seas principiante o experimentado, esta pala de p\u00e1del te ayudar\u00e1 a disfrutar a\u00fan m\u00e1s de tu deporte favorito.  No pierdas la oportunidad de adquirir esta pala que combina innovaci\u00f3n y tecnolog\u00eda, perfecta para cualquier amante del p\u00e1del.    Caracter\u00edsticas  Pala  Deporte: P\u00e1del  Material: Poliuretano  Material del eje: Fibra de carbono                                                                                                                                                                                                                                                                                                                                                                                                                                                                                                                                                                                                                                                                                                                                                                                                                                                                                                                                                                                                                                        <\/p>\n","protected":false},"excerpt":{"rendered":"<p>PALA WILSON BELA V3 PADEL<\/p>\n","protected":false},"featured_media":58685,"template":"","meta":[],"product_brand":[],"product_cat":[353],"product_tag":[57],"class_list":{"0":"post-45905","1":"product","2":"type-product","3":"status-publish","4":"has-post-thumbnail","6":"product_cat-padel_y_tenis_palas","7":"product_tag-wilson","8":"pa_color-unico","9":"pa_talla-unica","10":"thunk-woo-product-list","11":"opn-qv-enable","12":"open-woo-hover-","13":"open-single-product-tab-horizontal","14":"open-shadow-","15":"open-shadow-hover-","17":"first","18":"instock","19":"sale","20":"shipping-taxable","21":"purchasable","22":"product-type-variable"},"jetpack_sharing_enabled":true,"_links":{"self":[{"href":"https:\/\/www.deporteseli.com\/index.php?rest_route=\/wp\/v2\/product\/45905","targetHints":{"allow":["GET"]}}],"collection":[{"href":"https:\/\/www.deporteseli.com\/index.php?rest_route=\/wp\/v2\/product"}],"about":[{"href":"https:\/\/www.deporteseli.com\/index.php?rest_route=\/wp\/v2\/types\/product"}],"wp:featuredmedia":[{"embeddable":true,"href":"https:\/\/www.deporteseli.com\/index.php?rest_route=\/wp\/v2\/media\/58685"}],"wp:attachment":[{"href":"https:\/\/www.deporteseli.com\/index.php?rest_route=%2Fwp%2Fv2%2Fmedia&parent=45905"}],"wp:term":[{"taxonomy":"product_brand","embeddable":true,"href":"https:\/\/www.deporteseli.com\/index.php?rest_route=%2Fwp%2Fv2%2Fproduct_brand&post=45905"},{"taxonomy":"product_cat","embeddable":true,"href":"https:\/\/www.deporteseli.com\/index.php?rest_route=%2Fwp%2Fv2%2Fproduct_cat&post=45905"},{"taxonomy":"product_tag","embeddable":true,"href":"https:\/\/www.deporteseli.com\/index.php?rest_route=%2Fwp%2Fv2%2Fproduct_tag&post=45905"}],"curies":[{"name":"wp","href":"https:\/\/api.w.org\/{rel}","templated":true}]}}