{"id":45899,"date":"2026-01-27T21:02:12","date_gmt":"2026-01-27T21:02:12","guid":{"rendered":"https:\/\/www.deporteseli.com\/?product=short-adidas-jj2425"},"modified":"2026-03-07T06:25:04","modified_gmt":"2026-03-07T06:25:04","slug":"short-adidas-jj2425","status":"publish","type":"product","link":"https:\/\/www.deporteseli.com\/?product=short-adidas-jj2425","title":{"rendered":"SHORT ADIDAS JJ2425"},"content":{"rendered":"<p>Shorts ligeros para partidos, hechos con materiales reciclados  Luce y juega como un equipo con estos shorts adidas para j\u00f3venes dise\u00f1ados para rendir al m\u00e1ximo y lucir un estilo \u00fanico. La cintura con cord\u00f3n regulable te permite ajustarlos a tu medida y el tejido con tecnolog\u00eda de absorci\u00f3n AEROREADY se encarga del sudor para mantener tu cuerpo c\u00f3modo durante cada jugada. Comb\u00ednalos con el jersey Squadra 25 para un look profesional que combine con tu bal\u00f3n.    Este producto est\u00e1 hecho con materiales 100 % reciclados. Utilizando materiales reciclados disminuimos los residuos, nuestra dependencia de los recursos finitos y la huella que generan los productos que fabricamos.  Corte cl\u00e1sico  Cintura el\u00e1stica con cord\u00f3n ajustable  100% poli\u00e9ster (reciclado)  AEROREADY  Color del art\u00edculo: White \/ Royal Blue  N\u00famero de art\u00edculo: JJ2425                                                                                                                                                                                                                                                                                                                                                                                                                                                                                                                                                                                                                                                                                                                                                                                                                                                                                                                                                                                                                                        <\/p>\n","protected":false},"excerpt":{"rendered":"<p>SHORT ADIDAS JJ2425<\/p>\n","protected":false},"featured_media":58675,"template":"","meta":[],"product_brand":[],"product_cat":[300],"product_tag":[18],"class_list":{"0":"post-45899","1":"product","2":"type-product","3":"status-publish","4":"has-post-thumbnail","6":"product_cat-nino_textil_shorts","7":"product_tag-adidas","8":"pa_color-unico","9":"pa_talla-t-16","10":"thunk-woo-product-list","11":"opn-qv-enable","12":"open-woo-hover-","13":"open-single-product-tab-horizontal","14":"open-shadow-","15":"open-shadow-hover-","17":"first","18":"instock","19":"shipping-taxable","20":"purchasable","21":"product-type-variable"},"jetpack_sharing_enabled":true,"_links":{"self":[{"href":"https:\/\/www.deporteseli.com\/index.php?rest_route=\/wp\/v2\/product\/45899","targetHints":{"allow":["GET"]}}],"collection":[{"href":"https:\/\/www.deporteseli.com\/index.php?rest_route=\/wp\/v2\/product"}],"about":[{"href":"https:\/\/www.deporteseli.com\/index.php?rest_route=\/wp\/v2\/types\/product"}],"wp:featuredmedia":[{"embeddable":true,"href":"https:\/\/www.deporteseli.com\/index.php?rest_route=\/wp\/v2\/media\/58675"}],"wp:attachment":[{"href":"https:\/\/www.deporteseli.com\/index.php?rest_route=%2Fwp%2Fv2%2Fmedia&parent=45899"}],"wp:term":[{"taxonomy":"product_brand","embeddable":true,"href":"https:\/\/www.deporteseli.com\/index.php?rest_route=%2Fwp%2Fv2%2Fproduct_brand&post=45899"},{"taxonomy":"product_cat","embeddable":true,"href":"https:\/\/www.deporteseli.com\/index.php?rest_route=%2Fwp%2Fv2%2Fproduct_cat&post=45899"},{"taxonomy":"product_tag","embeddable":true,"href":"https:\/\/www.deporteseli.com\/index.php?rest_route=%2Fwp%2Fv2%2Fproduct_tag&post=45899"}],"curies":[{"name":"wp","href":"https:\/\/api.w.org\/{rel}","templated":true}]}}