{"id":45897,"date":"2026-01-27T21:02:08","date_gmt":"2026-01-27T21:02:08","guid":{"rendered":"https:\/\/www.deporteseli.com\/?product=camisa-adidas-jg5834"},"modified":"2026-03-07T06:25:02","modified_gmt":"2026-03-07T06:25:02","slug":"camisa-adidas-jg5834","status":"publish","type":"product","link":"https:\/\/www.deporteseli.com\/?product=camisa-adidas-jg5834","title":{"rendered":"CAMISA ADIDAS JG5834"},"content":{"rendered":"<p>Una camiseta absorbente para partidos hecha con materiales reciclados  Si\u00e9ntanse como un equipo con una camiseta de adidas que celebra la uni\u00f3n en la cancha. Combina un cuello redondo acanalado con las ic\u00f3nicas 3 Tiras en los hombros y luce un estilo minimalista que te permite agregar los detalles de tu propio equipo. El tejido AEROREADY controla el nivel de humedad para que siempre est\u00e9s en control.    Este producto est\u00e1 hecho con materiales 100 % reciclados. Utilizando materiales reciclados disminuimos los residuos, nuestra dependencia de los recursos finitos y la huella que generan los productos que fabricamos.  Ajuste ce\u00f1ido  Cuello redondo acanalado  100 % poli\u00e9ster (reciclado)  AEROREADY  Espacio para personalizaci\u00f3n  Color del art\u00edculo: White \/ White \/ Black  N\u00famero de art\u00edculo: JG5834                                                                                                                                                                                                                                                                                                                                                                                                                                                                                                                                                                                                                                                                                                                                                                                                                                                                                                                                                                                                                                        <\/p>\n","protected":false},"excerpt":{"rendered":"<p>CAMISA ADIDAS JG5834<\/p>\n","protected":false},"featured_media":58672,"template":"","meta":[],"product_brand":[],"product_cat":[245],"product_tag":[18],"class_list":{"0":"post-45897","1":"product","2":"type-product","3":"status-publish","4":"has-post-thumbnail","6":"product_cat-hombre_textil_camisetas","7":"product_tag-adidas","8":"pa_color-unico","9":"pa_talla-m","10":"thunk-woo-product-list","11":"opn-qv-enable","12":"open-woo-hover-","13":"open-single-product-tab-horizontal","14":"open-shadow-","15":"open-shadow-hover-","17":"first","18":"instock","19":"shipping-taxable","20":"purchasable","21":"product-type-variable"},"jetpack_sharing_enabled":true,"_links":{"self":[{"href":"https:\/\/www.deporteseli.com\/index.php?rest_route=\/wp\/v2\/product\/45897","targetHints":{"allow":["GET"]}}],"collection":[{"href":"https:\/\/www.deporteseli.com\/index.php?rest_route=\/wp\/v2\/product"}],"about":[{"href":"https:\/\/www.deporteseli.com\/index.php?rest_route=\/wp\/v2\/types\/product"}],"wp:featuredmedia":[{"embeddable":true,"href":"https:\/\/www.deporteseli.com\/index.php?rest_route=\/wp\/v2\/media\/58672"}],"wp:attachment":[{"href":"https:\/\/www.deporteseli.com\/index.php?rest_route=%2Fwp%2Fv2%2Fmedia&parent=45897"}],"wp:term":[{"taxonomy":"product_brand","embeddable":true,"href":"https:\/\/www.deporteseli.com\/index.php?rest_route=%2Fwp%2Fv2%2Fproduct_brand&post=45897"},{"taxonomy":"product_cat","embeddable":true,"href":"https:\/\/www.deporteseli.com\/index.php?rest_route=%2Fwp%2Fv2%2Fproduct_cat&post=45897"},{"taxonomy":"product_tag","embeddable":true,"href":"https:\/\/www.deporteseli.com\/index.php?rest_route=%2Fwp%2Fv2%2Fproduct_tag&post=45897"}],"curies":[{"name":"wp","href":"https:\/\/api.w.org\/{rel}","templated":true}]}}