{"id":45895,"date":"2026-01-27T21:02:06","date_gmt":"2026-01-27T21:02:06","guid":{"rendered":"https:\/\/www.deporteseli.com\/?product=mochila-adidas-power"},"modified":"2026-01-27T21:02:07","modified_gmt":"2026-01-27T21:02:07","slug":"mochila-adidas-power","status":"publish","type":"product","link":"https:\/\/www.deporteseli.com\/?product=mochila-adidas-power","title":{"rendered":"MOCHILA ADIDAS POWER"},"content":{"rendered":"<p>Una mochila ligera fabricada en parte con materiales reciclados.  Ya sea para estudiar o ir al gimnasio, esta vers\u00e1til mochila te ofrece lo que necesitas. Sus m\u00faltiples bolsillos mantienen tus art\u00edculos esenciales organizados y la funda acolchada protege tu port\u00e1til. Su resistente base recubierta est\u00e1 dise\u00f1ada para resistir todo, desde golpes y ara\u00f1azos hasta suelos h\u00famedos. Las correas de compresi\u00f3n la ajustan para un transporte compacto. Elige esta mochila adidas y disfruta de tu d\u00eda a d\u00eda con confianza. Este producto est\u00e1 fabricado con al menos un 50 % de materiales reciclados. Al reutilizar materiales ya creados, contribuimos a reducir los residuos y nuestra dependencia de recursos finitos, as\u00ed como la huella ecol\u00f3gica de nuestros productos.                                                                                                                                                                                                                                                                                                                                                                                                                                                                                                                                                                                                                                                                                                                                                                                                                                                                                                                                                                                                                                        <\/p>\n","protected":false},"excerpt":{"rendered":"<p>MOCHILA ADIDAS POWER<\/p>\n","protected":false},"featured_media":58668,"template":"","meta":[],"product_brand":[],"product_cat":[401],"product_tag":[18],"class_list":{"0":"post-45895","1":"product","2":"type-product","3":"status-publish","4":"has-post-thumbnail","6":"product_cat-accesorios_mochilas","7":"product_tag-adidas","8":"pa_color-unico","9":"pa_talla-unica","10":"thunk-woo-product-list","11":"opn-qv-enable","12":"open-woo-hover-","13":"open-single-product-tab-horizontal","14":"open-shadow-","15":"open-shadow-hover-","17":"first","18":"instock","19":"shipping-taxable","20":"purchasable","21":"product-type-variable"},"jetpack_sharing_enabled":true,"_links":{"self":[{"href":"https:\/\/www.deporteseli.com\/index.php?rest_route=\/wp\/v2\/product\/45895","targetHints":{"allow":["GET"]}}],"collection":[{"href":"https:\/\/www.deporteseli.com\/index.php?rest_route=\/wp\/v2\/product"}],"about":[{"href":"https:\/\/www.deporteseli.com\/index.php?rest_route=\/wp\/v2\/types\/product"}],"wp:featuredmedia":[{"embeddable":true,"href":"https:\/\/www.deporteseli.com\/index.php?rest_route=\/wp\/v2\/media\/58668"}],"wp:attachment":[{"href":"https:\/\/www.deporteseli.com\/index.php?rest_route=%2Fwp%2Fv2%2Fmedia&parent=45895"}],"wp:term":[{"taxonomy":"product_brand","embeddable":true,"href":"https:\/\/www.deporteseli.com\/index.php?rest_route=%2Fwp%2Fv2%2Fproduct_brand&post=45895"},{"taxonomy":"product_cat","embeddable":true,"href":"https:\/\/www.deporteseli.com\/index.php?rest_route=%2Fwp%2Fv2%2Fproduct_cat&post=45895"},{"taxonomy":"product_tag","embeddable":true,"href":"https:\/\/www.deporteseli.com\/index.php?rest_route=%2Fwp%2Fv2%2Fproduct_tag&post=45895"}],"curies":[{"name":"wp","href":"https:\/\/api.w.org\/{rel}","templated":true}]}}