{"id":45887,"date":"2026-01-27T21:01:54","date_gmt":"2026-01-27T21:01:54","guid":{"rendered":"https:\/\/www.deporteseli.com\/?product=raquetero-12-head-tour-xl"},"modified":"2026-01-27T21:01:55","modified_gmt":"2026-01-27T21:01:55","slug":"raquetero-12-head-tour-xl","status":"publish","type":"product","link":"https:\/\/www.deporteseli.com\/?product=raquetero-12-head-tour-xl","title":{"rendered":"RAQUETERO 12 HEAD TOUR XL"},"content":{"rendered":"<p>Revisada y ahora equipada con un nuevo acolchado que aporta mayor estabilidad, la elegante bolsa de tenis Head Tour XL, que permite llevar hasta 12 raquetas, es perfecta para entrenamientos y torneos.  Detalles:    Tres compartimentos para llevar cuadros sin funda, uno de ellos con aislamiento t\u00e9rmico que los protege de los cambios de temperatura  Bolsillo central con bolsillo interno con cierre de cremallera para efectos personales m\u00e1s peque\u00f1os  Compartimento con cremallera para zapatos  Bolsillo externo con cremallera para accesorios m\u00e1s peque\u00f1os  Correas de hombro acolchadas y ajustables  Asa lateral y superior para transportarlo c\u00f3modamente en la mano  Logo Head impreso  Volumen: 75 L  Dimensiones (L x A x P): 76.5 x 33 x 38 cm  Composici\u00f3n: 75% poli\u00e9ster, 25% poliuretano  Climate Control Technology  La tecnolog\u00eda Clima Control proporciona una capa t\u00e9rmica dentro de la bolsa que protege las raquetas de temperaturas extremas.                                                                                                                                                                                                                                                                                                                                                                                                                                                                                                                                                                                                                                                                                                                                                                                                                                                                                                                                                                                                                                        <\/p>\n","protected":false},"excerpt":{"rendered":"<p>RAQUETERO 12 HEAD TOUR XL<\/p>\n","protected":false},"featured_media":58659,"template":"","meta":[],"product_brand":[],"product_cat":[348],"product_tag":[22],"class_list":{"0":"post-45887","1":"product","2":"type-product","3":"status-publish","4":"has-post-thumbnail","6":"product_cat-deportes_tenis","7":"product_tag-head","8":"pa_color-unico","9":"pa_talla-unica","10":"thunk-woo-product-list","11":"opn-qv-enable","12":"open-woo-hover-","13":"open-single-product-tab-horizontal","14":"open-shadow-","15":"open-shadow-hover-","17":"first","18":"instock","19":"sale","20":"shipping-taxable","21":"purchasable","22":"product-type-variable"},"jetpack_sharing_enabled":true,"_links":{"self":[{"href":"https:\/\/www.deporteseli.com\/index.php?rest_route=\/wp\/v2\/product\/45887","targetHints":{"allow":["GET"]}}],"collection":[{"href":"https:\/\/www.deporteseli.com\/index.php?rest_route=\/wp\/v2\/product"}],"about":[{"href":"https:\/\/www.deporteseli.com\/index.php?rest_route=\/wp\/v2\/types\/product"}],"wp:featuredmedia":[{"embeddable":true,"href":"https:\/\/www.deporteseli.com\/index.php?rest_route=\/wp\/v2\/media\/58659"}],"wp:attachment":[{"href":"https:\/\/www.deporteseli.com\/index.php?rest_route=%2Fwp%2Fv2%2Fmedia&parent=45887"}],"wp:term":[{"taxonomy":"product_brand","embeddable":true,"href":"https:\/\/www.deporteseli.com\/index.php?rest_route=%2Fwp%2Fv2%2Fproduct_brand&post=45887"},{"taxonomy":"product_cat","embeddable":true,"href":"https:\/\/www.deporteseli.com\/index.php?rest_route=%2Fwp%2Fv2%2Fproduct_cat&post=45887"},{"taxonomy":"product_tag","embeddable":true,"href":"https:\/\/www.deporteseli.com\/index.php?rest_route=%2Fwp%2Fv2%2Fproduct_tag&post=45887"}],"curies":[{"name":"wp","href":"https:\/\/api.w.org\/{rel}","templated":true}]}}