{"id":45885,"date":"2026-01-27T21:01:51","date_gmt":"2026-01-27T21:01:51","guid":{"rendered":"https:\/\/www.deporteseli.com\/?product=boxer-adidas-je8569"},"modified":"2026-01-27T21:01:53","modified_gmt":"2026-01-27T21:01:53","slug":"boxer-adidas-je8569","status":"publish","type":"product","link":"https:\/\/www.deporteseli.com\/?product=boxer-adidas-je8569","title":{"rendered":"BOXER ADIDAS JE8569"},"content":{"rendered":"<p>Estilo y confort en el agua  Cambia tu rutina de entrenamiento por un d\u00eda y l\u00e1nzate a la piscina. Este ba\u00f1ador tipo b\u00f3xer de adidas se ha confeccionado en un tejido suave que resiste los efectos del cloro. Los bloques de color en los laterales le imprimen un toque deportivo.    Este producto se ha fabricado con diferentes materiales t\u00e9cnicos y contiene al menos un 70% de material reciclado. Su objetivo es plantear otra soluci\u00f3n m\u00e1s que ayude a eliminar los residuos pl\u00e1sticos.  Corte cl\u00e1sico  Cintura el\u00e1stica con cord\u00f3n interior  78% nailon (reciclado) \/ 22% elast\u00e1n  Tacto suave  Tejido Infinitex Fitness Eco resistente al cloro  Color del art\u00edculo: Black \/ Semi Lucid Blue \/ Violet Tone  N\u00famero de art\u00edculo: JE8569                                                                                                                                                                                                                                                                                                                                                                                                                                                                                                                                                                                                                                                                                                                                                                                                                                                                                                                                                                                                                                        <\/p>\n","protected":false},"excerpt":{"rendered":"<p>BOXER ADIDAS JE8569<\/p>\n","protected":false},"featured_media":58655,"template":"","meta":[],"product_brand":[],"product_cat":[246],"product_tag":[18],"class_list":{"0":"post-45885","1":"product","2":"type-product","3":"status-publish","4":"has-post-thumbnail","6":"product_cat-hombre_textil_banadores","7":"product_tag-adidas","8":"pa_color-unico","9":"pa_talla-s","10":"thunk-woo-product-list","11":"opn-qv-enable","12":"open-woo-hover-","13":"open-single-product-tab-horizontal","14":"open-shadow-","15":"open-shadow-hover-","17":"first","18":"instock","19":"shipping-taxable","20":"purchasable","21":"product-type-variable"},"jetpack_sharing_enabled":true,"_links":{"self":[{"href":"https:\/\/www.deporteseli.com\/index.php?rest_route=\/wp\/v2\/product\/45885","targetHints":{"allow":["GET"]}}],"collection":[{"href":"https:\/\/www.deporteseli.com\/index.php?rest_route=\/wp\/v2\/product"}],"about":[{"href":"https:\/\/www.deporteseli.com\/index.php?rest_route=\/wp\/v2\/types\/product"}],"wp:featuredmedia":[{"embeddable":true,"href":"https:\/\/www.deporteseli.com\/index.php?rest_route=\/wp\/v2\/media\/58655"}],"wp:attachment":[{"href":"https:\/\/www.deporteseli.com\/index.php?rest_route=%2Fwp%2Fv2%2Fmedia&parent=45885"}],"wp:term":[{"taxonomy":"product_brand","embeddable":true,"href":"https:\/\/www.deporteseli.com\/index.php?rest_route=%2Fwp%2Fv2%2Fproduct_brand&post=45885"},{"taxonomy":"product_cat","embeddable":true,"href":"https:\/\/www.deporteseli.com\/index.php?rest_route=%2Fwp%2Fv2%2Fproduct_cat&post=45885"},{"taxonomy":"product_tag","embeddable":true,"href":"https:\/\/www.deporteseli.com\/index.php?rest_route=%2Fwp%2Fv2%2Fproduct_tag&post=45885"}],"curies":[{"name":"wp","href":"https:\/\/api.w.org\/{rel}","templated":true}]}}