{"id":45866,"date":"2026-01-27T21:01:21","date_gmt":"2026-01-27T21:01:21","guid":{"rendered":"https:\/\/www.deporteseli.com\/?product=balon-puma-orbita-la-liga-1-084287-02"},"modified":"2026-01-27T21:01:22","modified_gmt":"2026-01-27T21:01:22","slug":"balon-puma-orbita-la-liga-1-084287-02","status":"publish","type":"product","link":"https:\/\/www.deporteseli.com\/?product=balon-puma-orbita-la-liga-1-084287-02","title":{"rendered":"BALON PUMA ORBITA LA LIGA 1 084287-02"},"content":{"rendered":"<p>Descripci\u00f3n  Consigue tus objetivos de entrenamiento con el bal\u00f3n Orbita La Liga 1 h\u00edbrido. Este bal\u00f3n presenta una construcci\u00f3n h\u00edbrida sin costuras que ofrece mayor durabilidad y una gran forma, mientras que el exterior de PU con respaldo de espuma garantiza un tacto suave y excelentes caracter\u00edsticas de vuelo. DETALLES: Confecci\u00f3n h\u00edbrida con costuras invisibles para mejorar la durabilidad, aumentar la consistencia de la forma y reducir la absorci\u00f3n de agua. 32 paneles con la misma superficie que contribuyen a la retenci\u00f3n de la forma. Exterior de PU de 0,8 mm con recubrimiento de espuma m\u00faltiple que proporciona un tacto suave y excelentes caracter\u00edsticas de vuelo. C\u00e1mara de caucho con v\u00e1lvula PAL (Puma Air Lock) que ofrece una retenci\u00f3n del aire excelente.                                                                                                                                                                                                                                                                                                                                                                                                                                                                                                                                                                                                                                                                                                                                                                                                                                                                                                                                                                                                                                        <\/p>\n","protected":false},"excerpt":{"rendered":"<p>BALON PUMA ORBITA LA LIGA 1 084287-02<\/p>\n","protected":false},"featured_media":58633,"template":"","meta":[],"product_brand":[],"product_cat":[347],"product_tag":[32],"class_list":{"0":"post-45866","1":"product","2":"type-product","3":"status-publish","4":"has-post-thumbnail","6":"product_cat-deportes_balones","7":"product_tag-puma","8":"pa_color-unico","9":"pa_talla-169","10":"thunk-woo-product-list","11":"opn-qv-enable","12":"open-woo-hover-","13":"open-single-product-tab-horizontal","14":"open-shadow-","15":"open-shadow-hover-","17":"first","18":"instock","19":"sale","20":"shipping-taxable","21":"purchasable","22":"product-type-variable"},"jetpack_sharing_enabled":true,"_links":{"self":[{"href":"https:\/\/www.deporteseli.com\/index.php?rest_route=\/wp\/v2\/product\/45866","targetHints":{"allow":["GET"]}}],"collection":[{"href":"https:\/\/www.deporteseli.com\/index.php?rest_route=\/wp\/v2\/product"}],"about":[{"href":"https:\/\/www.deporteseli.com\/index.php?rest_route=\/wp\/v2\/types\/product"}],"wp:featuredmedia":[{"embeddable":true,"href":"https:\/\/www.deporteseli.com\/index.php?rest_route=\/wp\/v2\/media\/58633"}],"wp:attachment":[{"href":"https:\/\/www.deporteseli.com\/index.php?rest_route=%2Fwp%2Fv2%2Fmedia&parent=45866"}],"wp:term":[{"taxonomy":"product_brand","embeddable":true,"href":"https:\/\/www.deporteseli.com\/index.php?rest_route=%2Fwp%2Fv2%2Fproduct_brand&post=45866"},{"taxonomy":"product_cat","embeddable":true,"href":"https:\/\/www.deporteseli.com\/index.php?rest_route=%2Fwp%2Fv2%2Fproduct_cat&post=45866"},{"taxonomy":"product_tag","embeddable":true,"href":"https:\/\/www.deporteseli.com\/index.php?rest_route=%2Fwp%2Fv2%2Fproduct_tag&post=45866"}],"curies":[{"name":"wp","href":"https:\/\/api.w.org\/{rel}","templated":true}]}}