{"id":45862,"date":"2026-01-27T21:01:16","date_gmt":"2026-01-27T21:01:16","guid":{"rendered":"https:\/\/www.deporteseli.com\/?product=chandal-adidas-jx8771"},"modified":"2026-03-07T06:24:46","modified_gmt":"2026-03-07T06:24:46","slug":"chandal-adidas-jx8771","status":"publish","type":"product","link":"https:\/\/www.deporteseli.com\/?product=chandal-adidas-jx8771","title":{"rendered":"CHANDAL ADIDAS JX8771"},"content":{"rendered":"<p>Sudadera Essentials Climacool Kids  Una sudadera con CLIMACOOL para mantenerlos frescos, secos y a punto, fabricado con materiales reciclados.  Sean cuales sean las actividades que les esperan, los ni\u00f1os estar\u00e1n preparados para cualquier cosa con esta vers\u00e1til sudadera adidas. Transpirable y suave, est\u00e1 hecha para un confort ininterrumpido. El tejido CLIMACOOL aleja el sudor de la piel, manteni\u00e9ndola fresca y seca para minimizar las distracciones y optimizar tu rendimiento. Los m\u00faltiples bolsillos ofrecen a los ni\u00f1os espacio para guardar sus cosas y los pu\u00f1os acanalados les ayudan a mantenerse c\u00e1lidos en las ma\u00f1anas fr\u00edas. CLIMACOOL les ayuda a gestionar el sudor con materiales que lo evacuan y gestionan r\u00e1pidamente. Sus fibras de secado r\u00e1pido les confieren un tacto de piel fresca. Este producto est\u00e1 fabricado con 100 % materiales reciclados. Utilizando materiales reciclados disminuimos los residuos, nuestra dependencia de los recursos finitos y la huella que generan los productos que fabricamos.  Ajuste normal con pretina media  Cierre frontal completo con cuello alto  100 % poli\u00e9ster (reciclado)  Tejido de secado r\u00e1pido  CLIMACOOL  Bolsillo canguro y bolsillos frontales  Pu\u00f1os y dobladillo acanalados  Cintura el\u00e1stica con cord\u00f3n de ajuste  Tejido con tecnolog\u00eda de absorci\u00f3n  C\u00f3digo del producto : JX8771                                                                                                                                                                                                                                                                                                                                                                                                                                                                                                                                                                                                                                                                                                                                                                                                                                                                                                                                                                                                                                        <\/p>\n","protected":false},"excerpt":{"rendered":"<p>CHANDAL ADIDAS JX8771<\/p>\n","protected":false},"featured_media":58630,"template":"","meta":[],"product_brand":[],"product_cat":[380],"product_tag":[18],"class_list":{"0":"post-45862","1":"product","2":"type-product","3":"status-publish","4":"has-post-thumbnail","6":"product_cat-ninas_textil_chandals","7":"product_tag-adidas","8":"pa_color-unico","9":"pa_talla-171","10":"pa_talla-t-6","11":"pa_talla-t-8","12":"thunk-woo-product-list","13":"opn-qv-enable","14":"open-woo-hover-","15":"open-single-product-tab-horizontal","16":"open-shadow-","17":"open-shadow-hover-","19":"first","20":"instock","21":"shipping-taxable","22":"purchasable","23":"product-type-variable"},"jetpack_sharing_enabled":true,"_links":{"self":[{"href":"https:\/\/www.deporteseli.com\/index.php?rest_route=\/wp\/v2\/product\/45862","targetHints":{"allow":["GET"]}}],"collection":[{"href":"https:\/\/www.deporteseli.com\/index.php?rest_route=\/wp\/v2\/product"}],"about":[{"href":"https:\/\/www.deporteseli.com\/index.php?rest_route=\/wp\/v2\/types\/product"}],"wp:featuredmedia":[{"embeddable":true,"href":"https:\/\/www.deporteseli.com\/index.php?rest_route=\/wp\/v2\/media\/58630"}],"wp:attachment":[{"href":"https:\/\/www.deporteseli.com\/index.php?rest_route=%2Fwp%2Fv2%2Fmedia&parent=45862"}],"wp:term":[{"taxonomy":"product_brand","embeddable":true,"href":"https:\/\/www.deporteseli.com\/index.php?rest_route=%2Fwp%2Fv2%2Fproduct_brand&post=45862"},{"taxonomy":"product_cat","embeddable":true,"href":"https:\/\/www.deporteseli.com\/index.php?rest_route=%2Fwp%2Fv2%2Fproduct_cat&post=45862"},{"taxonomy":"product_tag","embeddable":true,"href":"https:\/\/www.deporteseli.com\/index.php?rest_route=%2Fwp%2Fv2%2Fproduct_tag&post=45862"}],"curies":[{"name":"wp","href":"https:\/\/api.w.org\/{rel}","templated":true}]}}