{"id":45846,"date":"2026-01-27T21:00:53","date_gmt":"2026-01-27T21:00:53","guid":{"rendered":"https:\/\/www.deporteseli.com\/?product=tenis-adidas-js0638"},"modified":"2026-03-28T05:20:07","modified_gmt":"2026-03-28T05:20:07","slug":"tenis-adidas-js0638","status":"publish","type":"product","link":"https:\/\/www.deporteseli.com\/?product=tenis-adidas-js0638","title":{"rendered":"TENIS ADIDAS JS0638"},"content":{"rendered":"<p>Descripci\u00f3n  Las zapatillas adidas Rapid Court Cf Infantil Gris son la elecci\u00f3n perfecta para j\u00f3venes atletas. Fabricadas con una parte superior de piel sint\u00e9tica que proporciona durabilidad, y cuenta con refuerzos de ante para mayor soporte.  La suela de goma garantiza una excelente tracci\u00f3n en la cancha, lo que permite a los ni\u00f1os realizar movimientos r\u00e1pidos y efectivos.  Con un dise\u00f1o que evoca el baloncesto retro, estas zapatillas combinan estilo y funcionalidad. Son ideales para los que buscan comodidad y rendimiento.  Perfectas para entrenar o jugar con amigos, estas zapatillas son una inversi\u00f3n en el bienestar deportivo infantil. Adem\u00e1s, su color gris las hace vers\u00e1tiles y f\u00e1ciles de combinar con cualquier atuendo.  Ya sea para el colegio o la cancha, las zapatillas adidas Rapid Court ofrecen un equilibrio ideal entre moda y deporte. Su excelente dise\u00f1o y materiales de calidad hacen que sean una opci\u00f3n popular entre padres y j\u00f3venes deportistas.    Caracter\u00edsticas  Material: Parte superior de piel sint\u00e9tica con refuerzos de ante  Suela: Goma para tracci\u00f3n  Dise\u00f1o: Inspirado en el baloncesto retro                                                                                                                                                                                                                                                                                                                                                                                                                                                                                                                                                                                                                                                                                                                                                                                                                                                                                                                                                                                                                                        <\/p>\n","protected":false},"excerpt":{"rendered":"<p>TENIS ADIDAS JS0638<\/p>\n","protected":false},"featured_media":58622,"template":"","meta":[],"product_brand":[],"product_cat":[310],"product_tag":[18],"class_list":{"0":"post-45846","1":"product","2":"type-product","3":"status-publish","4":"has-post-thumbnail","6":"product_cat-nino_calzado_casual","7":"product_tag-adidas","8":"pa_color-unico","9":"pa_talla-113","10":"pa_talla-115","11":"pa_talla-117","12":"pa_talla-119","13":"pa_talla-121","14":"pa_talla-123","15":"pa_talla-t-21","16":"thunk-woo-product-list","17":"opn-qv-enable","18":"open-woo-hover-","19":"open-single-product-tab-horizontal","20":"open-shadow-","21":"open-shadow-hover-","23":"first","24":"instock","25":"sale","26":"shipping-taxable","27":"purchasable","28":"product-type-variable"},"jetpack_sharing_enabled":true,"_links":{"self":[{"href":"https:\/\/www.deporteseli.com\/index.php?rest_route=\/wp\/v2\/product\/45846","targetHints":{"allow":["GET"]}}],"collection":[{"href":"https:\/\/www.deporteseli.com\/index.php?rest_route=\/wp\/v2\/product"}],"about":[{"href":"https:\/\/www.deporteseli.com\/index.php?rest_route=\/wp\/v2\/types\/product"}],"wp:featuredmedia":[{"embeddable":true,"href":"https:\/\/www.deporteseli.com\/index.php?rest_route=\/wp\/v2\/media\/58622"}],"wp:attachment":[{"href":"https:\/\/www.deporteseli.com\/index.php?rest_route=%2Fwp%2Fv2%2Fmedia&parent=45846"}],"wp:term":[{"taxonomy":"product_brand","embeddable":true,"href":"https:\/\/www.deporteseli.com\/index.php?rest_route=%2Fwp%2Fv2%2Fproduct_brand&post=45846"},{"taxonomy":"product_cat","embeddable":true,"href":"https:\/\/www.deporteseli.com\/index.php?rest_route=%2Fwp%2Fv2%2Fproduct_cat&post=45846"},{"taxonomy":"product_tag","embeddable":true,"href":"https:\/\/www.deporteseli.com\/index.php?rest_route=%2Fwp%2Fv2%2Fproduct_tag&post=45846"}],"curies":[{"name":"wp","href":"https:\/\/api.w.org\/{rel}","templated":true}]}}