{"id":45817,"date":"2026-01-27T21:00:12","date_gmt":"2026-01-27T21:00:12","guid":{"rendered":"https:\/\/www.deporteseli.com\/?product=tenis-reebok-100209673"},"modified":"2026-01-27T21:00:14","modified_gmt":"2026-01-27T21:00:14","slug":"tenis-reebok-100209673","status":"publish","type":"product","link":"https:\/\/www.deporteseli.com\/?product=tenis-reebok-100209673","title":{"rendered":"TENIS REEBOK 100209673"},"content":{"rendered":"<p>Un homenaje al estilo Reebok de principios del siglo XX. Estos tenis tienen un aire retro que combina a la perfecci\u00f3n con tu vida moderna. La parte superior est\u00e1 hecha de un cuero suave y tradicional. Una entresuela acolchada y una suela exterior duradera las hacen c\u00f3modas para usarlas durante todo el d\u00eda.                                                                                                                                                                                                                                                                                                                                                                                                                                                                                                                                                                                                                                                                                                                                                                                                                                                                                                                                                                                                                                        <\/p>\n","protected":false},"excerpt":{"rendered":"<p>TENIS REEBOK 100209673<\/p>\n","protected":false},"featured_media":58608,"template":"","meta":[],"product_brand":[],"product_cat":[287],"product_tag":[41],"class_list":{"0":"post-45817","1":"product","2":"type-product","3":"status-publish","4":"has-post-thumbnail","6":"product_cat-mujer_calzado_casual","7":"product_tag-reebok","8":"pa_color-unico","9":"pa_talla-145","10":"thunk-woo-product-list","11":"opn-qv-enable","12":"open-woo-hover-","13":"open-single-product-tab-horizontal","14":"open-shadow-","15":"open-shadow-hover-","17":"first","18":"instock","19":"sale","20":"shipping-taxable","21":"purchasable","22":"product-type-variable"},"jetpack_sharing_enabled":true,"_links":{"self":[{"href":"https:\/\/www.deporteseli.com\/index.php?rest_route=\/wp\/v2\/product\/45817","targetHints":{"allow":["GET"]}}],"collection":[{"href":"https:\/\/www.deporteseli.com\/index.php?rest_route=\/wp\/v2\/product"}],"about":[{"href":"https:\/\/www.deporteseli.com\/index.php?rest_route=\/wp\/v2\/types\/product"}],"wp:featuredmedia":[{"embeddable":true,"href":"https:\/\/www.deporteseli.com\/index.php?rest_route=\/wp\/v2\/media\/58608"}],"wp:attachment":[{"href":"https:\/\/www.deporteseli.com\/index.php?rest_route=%2Fwp%2Fv2%2Fmedia&parent=45817"}],"wp:term":[{"taxonomy":"product_brand","embeddable":true,"href":"https:\/\/www.deporteseli.com\/index.php?rest_route=%2Fwp%2Fv2%2Fproduct_brand&post=45817"},{"taxonomy":"product_cat","embeddable":true,"href":"https:\/\/www.deporteseli.com\/index.php?rest_route=%2Fwp%2Fv2%2Fproduct_cat&post=45817"},{"taxonomy":"product_tag","embeddable":true,"href":"https:\/\/www.deporteseli.com\/index.php?rest_route=%2Fwp%2Fv2%2Fproduct_tag&post=45817"}],"curies":[{"name":"wp","href":"https:\/\/api.w.org\/{rel}","templated":true}]}}