{"id":45812,"date":"2026-01-27T21:00:06","date_gmt":"2026-01-27T21:00:06","guid":{"rendered":"https:\/\/www.deporteseli.com\/?product=tenis-reebok-100209189"},"modified":"2026-02-28T05:19:29","modified_gmt":"2026-02-28T05:19:29","slug":"tenis-reebok-100209189","status":"publish","type":"product","link":"https:\/\/www.deporteseli.com\/?product=tenis-reebok-100209189","title":{"rendered":"TENIS REEBOK 100209189"},"content":{"rendered":"<p>Prep\u00e1rate para moverte con estilo y comodidad con las zapatillas REEBOK EU Rush Runner 5. Dise\u00f1adas para quienes buscan rendimiento y versatilidad, estas zapatillas cuentan con una parte superior de malla transpirable con refuerzos sint\u00e9ticos que brindan soporte, durabilidad y ventilaci\u00f3n para mantener tus pies frescos y c\u00f3modos durante cualquier actividad.                                                                                                                                                                                                                                                                                                                                                                                                                                                                                                                                                                                                                                                                                                                                                                                                                                                                                                                                                                                                                                        <\/p>\n","protected":false},"excerpt":{"rendered":"<p>TENIS REEBOK 100209189<\/p>\n","protected":false},"featured_media":58604,"template":"","meta":[],"product_brand":[],"product_cat":[390],"product_tag":[41],"class_list":{"0":"post-45812","1":"product","2":"type-product","3":"status-publish","4":"has-post-thumbnail","6":"product_cat-ninas_calzado_running","7":"product_tag-reebok","8":"pa_color-unico","9":"pa_talla-23-5","10":"pa_talla-117","11":"pa_talla-121","12":"pa_talla-t-21","13":"thunk-woo-product-list","14":"opn-qv-enable","15":"open-woo-hover-","16":"open-single-product-tab-horizontal","17":"open-shadow-","18":"open-shadow-hover-","20":"first","21":"instock","22":"sale","23":"shipping-taxable","24":"purchasable","25":"product-type-variable"},"jetpack_sharing_enabled":true,"_links":{"self":[{"href":"https:\/\/www.deporteseli.com\/index.php?rest_route=\/wp\/v2\/product\/45812","targetHints":{"allow":["GET"]}}],"collection":[{"href":"https:\/\/www.deporteseli.com\/index.php?rest_route=\/wp\/v2\/product"}],"about":[{"href":"https:\/\/www.deporteseli.com\/index.php?rest_route=\/wp\/v2\/types\/product"}],"wp:featuredmedia":[{"embeddable":true,"href":"https:\/\/www.deporteseli.com\/index.php?rest_route=\/wp\/v2\/media\/58604"}],"wp:attachment":[{"href":"https:\/\/www.deporteseli.com\/index.php?rest_route=%2Fwp%2Fv2%2Fmedia&parent=45812"}],"wp:term":[{"taxonomy":"product_brand","embeddable":true,"href":"https:\/\/www.deporteseli.com\/index.php?rest_route=%2Fwp%2Fv2%2Fproduct_brand&post=45812"},{"taxonomy":"product_cat","embeddable":true,"href":"https:\/\/www.deporteseli.com\/index.php?rest_route=%2Fwp%2Fv2%2Fproduct_cat&post=45812"},{"taxonomy":"product_tag","embeddable":true,"href":"https:\/\/www.deporteseli.com\/index.php?rest_route=%2Fwp%2Fv2%2Fproduct_tag&post=45812"}],"curies":[{"name":"wp","href":"https:\/\/api.w.org\/{rel}","templated":true}]}}