{"id":45804,"date":"2026-01-27T20:59:55","date_gmt":"2026-01-27T20:59:55","guid":{"rendered":"https:\/\/www.deporteseli.com\/?product=tenis-reebok-100211211"},"modified":"2026-01-27T21:00:02","modified_gmt":"2026-01-27T21:00:02","slug":"tenis-reebok-100211211","status":"publish","type":"product","link":"https:\/\/www.deporteseli.com\/?product=tenis-reebok-100211211","title":{"rendered":"TENIS REEBOK 100211211"},"content":{"rendered":"<p>Zapatillas c\u00f3modas y pr\u00e1cticas inspiradas en el estilo del tenis.    Dale un look cl\u00e1sico de cancha, reinventado para hoy con estos zapatos Reebok para ni\u00f1o. Dos correas facilitan pon\u00e9rselos y quit\u00e1rselos, as\u00ed que cambiarse y salir de casa es mucho m\u00e1s r\u00e1pido. Su dise\u00f1o limpio de cancha lo define todo.                                                                                                                                                                                                                                                                                                                                                                                                                                                                                                                                                                                                                                                                                                                                                                                                                                                                                                                                                                                                                                        <\/p>\n","protected":false},"excerpt":{"rendered":"<p>TENIS REEBOK 100211211<\/p>\n","protected":false},"featured_media":58595,"template":"","meta":[],"product_brand":[],"product_cat":[310],"product_tag":[41],"class_list":{"0":"post-45804","1":"product","2":"type-product","3":"status-publish","4":"has-post-thumbnail","6":"product_cat-nino_calzado_casual","7":"product_tag-reebok","8":"pa_color-unico","9":"pa_talla-123","10":"pa_talla-125","11":"pa_talla-127","12":"pa_talla-131","13":"pa_talla-133","14":"thunk-woo-product-list","15":"opn-qv-enable","16":"open-woo-hover-","17":"open-single-product-tab-horizontal","18":"open-shadow-","19":"open-shadow-hover-","21":"first","22":"instock","23":"sale","24":"shipping-taxable","25":"purchasable","26":"product-type-variable"},"jetpack_sharing_enabled":true,"_links":{"self":[{"href":"https:\/\/www.deporteseli.com\/index.php?rest_route=\/wp\/v2\/product\/45804","targetHints":{"allow":["GET"]}}],"collection":[{"href":"https:\/\/www.deporteseli.com\/index.php?rest_route=\/wp\/v2\/product"}],"about":[{"href":"https:\/\/www.deporteseli.com\/index.php?rest_route=\/wp\/v2\/types\/product"}],"wp:featuredmedia":[{"embeddable":true,"href":"https:\/\/www.deporteseli.com\/index.php?rest_route=\/wp\/v2\/media\/58595"}],"wp:attachment":[{"href":"https:\/\/www.deporteseli.com\/index.php?rest_route=%2Fwp%2Fv2%2Fmedia&parent=45804"}],"wp:term":[{"taxonomy":"product_brand","embeddable":true,"href":"https:\/\/www.deporteseli.com\/index.php?rest_route=%2Fwp%2Fv2%2Fproduct_brand&post=45804"},{"taxonomy":"product_cat","embeddable":true,"href":"https:\/\/www.deporteseli.com\/index.php?rest_route=%2Fwp%2Fv2%2Fproduct_cat&post=45804"},{"taxonomy":"product_tag","embeddable":true,"href":"https:\/\/www.deporteseli.com\/index.php?rest_route=%2Fwp%2Fv2%2Fproduct_tag&post=45804"}],"curies":[{"name":"wp","href":"https:\/\/api.w.org\/{rel}","templated":true}]}}