{"id":45795,"date":"2026-01-27T20:59:43","date_gmt":"2026-01-27T20:59:43","guid":{"rendered":"https:\/\/www.deporteseli.com\/?product=tenis-reebok-100211099"},"modified":"2026-01-27T20:59:48","modified_gmt":"2026-01-27T20:59:48","slug":"tenis-reebok-100211099","status":"publish","type":"product","link":"https:\/\/www.deporteseli.com\/?product=tenis-reebok-100211099","title":{"rendered":"TENIS REEBOK 100211099"},"content":{"rendered":"<p>Zapatillas Court para ni\u00f1os de Reebok, que son una opci\u00f3n cl\u00e1sica para los looks del d\u00eda a d\u00eda, ya que se pueden combinar f\u00e1cilmente con cualquier outfit.  Tienen un corte bajo que no cubre el tobillo, para garantizar comodidad y flexibilidad en el movimiento del pie durante cualquier actividad.  Se cierran y abren con velcro, para una f\u00e1cil aplicaci\u00f3n y extracci\u00f3n, incluso por los m\u00e1s peque\u00f1os.                                                                                                                                                                                                                                                                                                                                                                                                                                                                                                                                                                                                                                                                                                                                                                                                                                                                                                                                                                                                                                        <\/p>\n","protected":false},"excerpt":{"rendered":"<p>TENIS REEBOK 100211099<\/p>\n","protected":false},"featured_media":58587,"template":"","meta":[],"product_brand":[],"product_cat":[392],"product_tag":[41],"class_list":{"0":"post-45795","1":"product","2":"type-product","3":"status-publish","4":"has-post-thumbnail","6":"product_cat-ninas_calzado_casual","7":"product_tag-reebok","8":"pa_color-unico","9":"pa_talla-125","10":"pa_talla-129","11":"pa_talla-131","12":"pa_talla-133","13":"thunk-woo-product-list","14":"opn-qv-enable","15":"open-woo-hover-","16":"open-single-product-tab-horizontal","17":"open-shadow-","18":"open-shadow-hover-","20":"first","21":"instock","22":"sale","23":"shipping-taxable","24":"purchasable","25":"product-type-variable"},"jetpack_sharing_enabled":true,"_links":{"self":[{"href":"https:\/\/www.deporteseli.com\/index.php?rest_route=\/wp\/v2\/product\/45795","targetHints":{"allow":["GET"]}}],"collection":[{"href":"https:\/\/www.deporteseli.com\/index.php?rest_route=\/wp\/v2\/product"}],"about":[{"href":"https:\/\/www.deporteseli.com\/index.php?rest_route=\/wp\/v2\/types\/product"}],"wp:featuredmedia":[{"embeddable":true,"href":"https:\/\/www.deporteseli.com\/index.php?rest_route=\/wp\/v2\/media\/58587"}],"wp:attachment":[{"href":"https:\/\/www.deporteseli.com\/index.php?rest_route=%2Fwp%2Fv2%2Fmedia&parent=45795"}],"wp:term":[{"taxonomy":"product_brand","embeddable":true,"href":"https:\/\/www.deporteseli.com\/index.php?rest_route=%2Fwp%2Fv2%2Fproduct_brand&post=45795"},{"taxonomy":"product_cat","embeddable":true,"href":"https:\/\/www.deporteseli.com\/index.php?rest_route=%2Fwp%2Fv2%2Fproduct_cat&post=45795"},{"taxonomy":"product_tag","embeddable":true,"href":"https:\/\/www.deporteseli.com\/index.php?rest_route=%2Fwp%2Fv2%2Fproduct_tag&post=45795"}],"curies":[{"name":"wp","href":"https:\/\/api.w.org\/{rel}","templated":true}]}}