{"id":45787,"date":"2026-01-27T20:59:32","date_gmt":"2026-01-27T20:59:32","guid":{"rendered":"https:\/\/www.deporteseli.com\/?product=tenis-reebok-100211205"},"modified":"2026-04-21T04:17:45","modified_gmt":"2026-04-21T04:17:45","slug":"tenis-reebok-100211205","status":"publish","type":"product","link":"https:\/\/www.deporteseli.com\/?product=tenis-reebok-100211205","title":{"rendered":"TENIS REEBOK 100211205"},"content":{"rendered":"<p>Zapatillas inspiradas en la cancha con un estilo limpio de Zapatillas.    Dale un estilo de cancha de la vieja escuela reinventado para hoy con estos Zapatillas Reebok para ni\u00f1o. Estas Zapatillas tienen el tama\u00f1o adecuado para \u00e9l, por lo que puede usar Zapatillas como lo hacen los adultos. El dise\u00f1o limpio de la cancha sella el trato.                                                                                                                                                                                                                                                                                                                                                                                                                                                                                                                                                                                                                                                                                                                                                                                                                                                                                                                                                                                                                                        <\/p>\n","protected":false},"excerpt":{"rendered":"<p>TENIS REEBOK 100211205<\/p>\n","protected":false},"featured_media":58582,"template":"","meta":[],"product_brand":[],"product_cat":[310],"product_tag":[41],"class_list":{"0":"post-45787","1":"product","2":"type-product","3":"status-publish","4":"has-post-thumbnail","6":"product_cat-nino_calzado_casual","7":"product_tag-reebok","8":"pa_color-unico","9":"pa_talla-34-5","10":"pa_talla-139","11":"pa_talla-36-5","12":"pa_talla-143","13":"pa_talla-145","14":"pa_talla-38-5","15":"pa_talla-147","16":"thunk-woo-product-list","17":"opn-qv-enable","18":"open-woo-hover-","19":"open-single-product-tab-horizontal","20":"open-shadow-","21":"open-shadow-hover-","23":"first","24":"instock","25":"sale","26":"shipping-taxable","27":"purchasable","28":"product-type-variable"},"jetpack_sharing_enabled":true,"_links":{"self":[{"href":"https:\/\/www.deporteseli.com\/index.php?rest_route=\/wp\/v2\/product\/45787","targetHints":{"allow":["GET"]}}],"collection":[{"href":"https:\/\/www.deporteseli.com\/index.php?rest_route=\/wp\/v2\/product"}],"about":[{"href":"https:\/\/www.deporteseli.com\/index.php?rest_route=\/wp\/v2\/types\/product"}],"wp:featuredmedia":[{"embeddable":true,"href":"https:\/\/www.deporteseli.com\/index.php?rest_route=\/wp\/v2\/media\/58582"}],"wp:attachment":[{"href":"https:\/\/www.deporteseli.com\/index.php?rest_route=%2Fwp%2Fv2%2Fmedia&parent=45787"}],"wp:term":[{"taxonomy":"product_brand","embeddable":true,"href":"https:\/\/www.deporteseli.com\/index.php?rest_route=%2Fwp%2Fv2%2Fproduct_brand&post=45787"},{"taxonomy":"product_cat","embeddable":true,"href":"https:\/\/www.deporteseli.com\/index.php?rest_route=%2Fwp%2Fv2%2Fproduct_cat&post=45787"},{"taxonomy":"product_tag","embeddable":true,"href":"https:\/\/www.deporteseli.com\/index.php?rest_route=%2Fwp%2Fv2%2Fproduct_tag&post=45787"}],"curies":[{"name":"wp","href":"https:\/\/api.w.org\/{rel}","templated":true}]}}