{"id":45780,"date":"2026-01-27T20:59:22","date_gmt":"2026-01-27T20:59:22","guid":{"rendered":"https:\/\/www.deporteseli.com\/?product=cholas-reebok-100209354"},"modified":"2026-01-27T20:59:26","modified_gmt":"2026-01-27T20:59:26","slug":"cholas-reebok-100209354","status":"publish","type":"product","link":"https:\/\/www.deporteseli.com\/?product=cholas-reebok-100209354","title":{"rendered":"CHOLAS REEBOK 100209354"},"content":{"rendered":"<p>Sandalias con tecnolog\u00eda de microburbujas de aire    Despu\u00e9s de tu entrenamiento, ponte la comodidad de estas chanclas de recuperaci\u00f3n Reebok. La parte superior de una sola pieza est\u00e1 hecha de espuma s\u00faper suave. La amortiguaci\u00f3n de aire en movimiento DMX bajo los pies brinda alivio a los pies cansados.                                                                                                                                                                                                                                                                                                                                                                                                                                                                                                                                                                                                                                                                                                                                                                                                                                                                                                                                                                                                                                        <\/p>\n","protected":false},"excerpt":{"rendered":"<p>CHOLAS REEBOK 100209354<\/p>\n","protected":false},"featured_media":58573,"template":"","meta":[],"product_brand":[],"product_cat":[291],"product_tag":[41],"class_list":{"0":"post-45780","1":"product","2":"type-product","3":"status-publish","4":"has-post-thumbnail","6":"product_cat-mujer_calzado_cholas","7":"product_tag-reebok","8":"pa_color-unico","9":"pa_talla-37-5","10":"pa_talla-147","11":"pa_talla-153","12":"thunk-woo-product-list","13":"opn-qv-enable","14":"open-woo-hover-","15":"open-single-product-tab-horizontal","16":"open-shadow-","17":"open-shadow-hover-","19":"first","20":"instock","21":"sale","22":"shipping-taxable","23":"purchasable","24":"product-type-variable"},"jetpack_sharing_enabled":true,"_links":{"self":[{"href":"https:\/\/www.deporteseli.com\/index.php?rest_route=\/wp\/v2\/product\/45780","targetHints":{"allow":["GET"]}}],"collection":[{"href":"https:\/\/www.deporteseli.com\/index.php?rest_route=\/wp\/v2\/product"}],"about":[{"href":"https:\/\/www.deporteseli.com\/index.php?rest_route=\/wp\/v2\/types\/product"}],"wp:featuredmedia":[{"embeddable":true,"href":"https:\/\/www.deporteseli.com\/index.php?rest_route=\/wp\/v2\/media\/58573"}],"wp:attachment":[{"href":"https:\/\/www.deporteseli.com\/index.php?rest_route=%2Fwp%2Fv2%2Fmedia&parent=45780"}],"wp:term":[{"taxonomy":"product_brand","embeddable":true,"href":"https:\/\/www.deporteseli.com\/index.php?rest_route=%2Fwp%2Fv2%2Fproduct_brand&post=45780"},{"taxonomy":"product_cat","embeddable":true,"href":"https:\/\/www.deporteseli.com\/index.php?rest_route=%2Fwp%2Fv2%2Fproduct_cat&post=45780"},{"taxonomy":"product_tag","embeddable":true,"href":"https:\/\/www.deporteseli.com\/index.php?rest_route=%2Fwp%2Fv2%2Fproduct_tag&post=45780"}],"curies":[{"name":"wp","href":"https:\/\/api.w.org\/{rel}","templated":true}]}}