{"id":45776,"date":"2026-01-27T20:59:16","date_gmt":"2026-01-27T20:59:16","guid":{"rendered":"https:\/\/www.deporteseli.com\/?product=tenis-reebok-100211224"},"modified":"2026-02-16T07:57:10","modified_gmt":"2026-02-16T07:57:10","slug":"tenis-reebok-100211224","status":"publish","type":"product","link":"https:\/\/www.deporteseli.com\/?product=tenis-reebok-100211224","title":{"rendered":"TENIS REEBOK 100211224"},"content":{"rendered":"<p>Estilo ic\u00f3nico. Comodidad para el d\u00eda a d\u00eda.  Las Reebok Royal Prime 2.0 incorporan un dise\u00f1o de inspiraci\u00f3n retro a tu colecci\u00f3n diaria. Con una elegante parte superior de piel sint\u00e9tica y un sutil logo de Reebok, estas zapatillas combinan a la perfecci\u00f3n est\u00e9tica cl\u00e1sica y comodidad moderna. Con una entresuela acolchada y una suela exterior resistente, est\u00e1n dise\u00f1adas para usarlas todo el d\u00eda, ya sea que salgas con amigos o est\u00e9s de viaje.                                                                                                                                                                                                                                                                                                                                                                                                                                                                                                                                                                                                                                                                                                                                                                                                                                                                                                                                                                                                                                        <\/p>\n","protected":false},"excerpt":{"rendered":"<p>TENIS REEBOK 100211224<\/p>\n","protected":false},"featured_media":58568,"template":"","meta":[],"product_brand":[],"product_cat":[287],"product_tag":[41],"class_list":{"0":"post-45776","1":"product","2":"type-product","3":"status-publish","4":"has-post-thumbnail","6":"product_cat-mujer_calzado_casual","7":"product_tag-reebok","8":"pa_color-unico","9":"pa_talla-141","10":"pa_talla-36-5","11":"pa_talla-38-5","12":"thunk-woo-product-list","13":"opn-qv-enable","14":"open-woo-hover-","15":"open-single-product-tab-horizontal","16":"open-shadow-","17":"open-shadow-hover-","19":"first","20":"instock","21":"sale","22":"shipping-taxable","23":"purchasable","24":"product-type-variable"},"jetpack_sharing_enabled":true,"_links":{"self":[{"href":"https:\/\/www.deporteseli.com\/index.php?rest_route=\/wp\/v2\/product\/45776","targetHints":{"allow":["GET"]}}],"collection":[{"href":"https:\/\/www.deporteseli.com\/index.php?rest_route=\/wp\/v2\/product"}],"about":[{"href":"https:\/\/www.deporteseli.com\/index.php?rest_route=\/wp\/v2\/types\/product"}],"wp:featuredmedia":[{"embeddable":true,"href":"https:\/\/www.deporteseli.com\/index.php?rest_route=\/wp\/v2\/media\/58568"}],"wp:attachment":[{"href":"https:\/\/www.deporteseli.com\/index.php?rest_route=%2Fwp%2Fv2%2Fmedia&parent=45776"}],"wp:term":[{"taxonomy":"product_brand","embeddable":true,"href":"https:\/\/www.deporteseli.com\/index.php?rest_route=%2Fwp%2Fv2%2Fproduct_brand&post=45776"},{"taxonomy":"product_cat","embeddable":true,"href":"https:\/\/www.deporteseli.com\/index.php?rest_route=%2Fwp%2Fv2%2Fproduct_cat&post=45776"},{"taxonomy":"product_tag","embeddable":true,"href":"https:\/\/www.deporteseli.com\/index.php?rest_route=%2Fwp%2Fv2%2Fproduct_tag&post=45776"}],"curies":[{"name":"wp","href":"https:\/\/api.w.org\/{rel}","templated":true}]}}