{"id":45764,"date":"2026-01-27T20:58:55","date_gmt":"2026-01-27T20:58:55","guid":{"rendered":"https:\/\/www.deporteseli.com\/?product=zapatillas-defiant-speed-2"},"modified":"2026-04-15T04:17:40","modified_gmt":"2026-04-15T04:17:40","slug":"zapatillas-defiant-speed-2","status":"publish","type":"product","link":"https:\/\/www.deporteseli.com\/?product=zapatillas-defiant-speed-2","title":{"rendered":"ZAPATILLAS DEFIANT SPEED 2"},"content":{"rendered":"<p>Entra a la cancha con confianza con las zapatillas de tenis para tierra batida Defiant Speed 2 para mujer. Combinando comodidad, materiales livianos y durabilidad, cuentan con una parte superior de malla mono transpirable con detalles de gamuza paramayor toque y un tal\u00f3n de TPU inyectado para un ajuste seguro. La entresuela Lightstrike ofrece amortiguaci\u00f3n y sensaci\u00f3n de contacto con el suelo, mientras que la suela exterior Adiwear ofrece mayor durabilidad para juegos de alto nivel.                                                                                                                                                                                                                                                                                                                                                                                                                                                                                                                                                                                                                                                                                                                                                                                                                                                                                                                                                                                                                                        <\/p>\n","protected":false},"excerpt":{"rendered":"<p>ZAPATILLAS DEFIANT SPEED 2<\/p>\n","protected":false},"featured_media":58561,"template":"","meta":[],"product_brand":[],"product_cat":[371],"product_tag":[18],"class_list":{"0":"post-45764","1":"product","2":"type-product","3":"status-publish","4":"has-post-thumbnail","6":"product_cat-padel_y_tenis_calzado","7":"product_tag-adidas","8":"pa_color-unico","9":"pa_talla-36-5","10":"pa_talla-37-5","11":"pa_talla-145","12":"pa_talla-38-5","13":"pa_talla-39-5","14":"pa_talla-149","15":"pa_talla-40-5","16":"pa_talla-41-5","17":"thunk-woo-product-list","18":"opn-qv-enable","19":"open-woo-hover-","20":"open-single-product-tab-horizontal","21":"open-shadow-","22":"open-shadow-hover-","24":"first","25":"instock","26":"sale","27":"shipping-taxable","28":"purchasable","29":"product-type-variable"},"jetpack_sharing_enabled":true,"_links":{"self":[{"href":"https:\/\/www.deporteseli.com\/index.php?rest_route=\/wp\/v2\/product\/45764","targetHints":{"allow":["GET"]}}],"collection":[{"href":"https:\/\/www.deporteseli.com\/index.php?rest_route=\/wp\/v2\/product"}],"about":[{"href":"https:\/\/www.deporteseli.com\/index.php?rest_route=\/wp\/v2\/types\/product"}],"wp:featuredmedia":[{"embeddable":true,"href":"https:\/\/www.deporteseli.com\/index.php?rest_route=\/wp\/v2\/media\/58561"}],"wp:attachment":[{"href":"https:\/\/www.deporteseli.com\/index.php?rest_route=%2Fwp%2Fv2%2Fmedia&parent=45764"}],"wp:term":[{"taxonomy":"product_brand","embeddable":true,"href":"https:\/\/www.deporteseli.com\/index.php?rest_route=%2Fwp%2Fv2%2Fproduct_brand&post=45764"},{"taxonomy":"product_cat","embeddable":true,"href":"https:\/\/www.deporteseli.com\/index.php?rest_route=%2Fwp%2Fv2%2Fproduct_cat&post=45764"},{"taxonomy":"product_tag","embeddable":true,"href":"https:\/\/www.deporteseli.com\/index.php?rest_route=%2Fwp%2Fv2%2Fproduct_tag&post=45764"}],"curies":[{"name":"wp","href":"https:\/\/api.w.org\/{rel}","templated":true}]}}