{"id":45762,"date":"2026-01-27T20:58:52","date_gmt":"2026-01-27T20:58:52","guid":{"rendered":"https:\/\/www.deporteseli.com\/?product=zapatilla-terrex-anylander-hiking-2"},"modified":"2026-01-27T20:58:54","modified_gmt":"2026-01-27T20:58:54","slug":"zapatilla-terrex-anylander-hiking-2","status":"publish","type":"product","link":"https:\/\/www.deporteseli.com\/?product=zapatilla-terrex-anylander-hiking-2","title":{"rendered":"ZAPATILLA TERREX ANYLANDER HIKING"},"content":{"rendered":"<p>LA CUMBRE NOS UNE  Esta zapatilla de senderismo de adidas Terrex te ayuda a afrontar cualquier ruta, ya sea una caminata corta por el bosque o una excursi\u00f3n de un d\u00eda. Presenta un dise\u00f1o de ca\u00f1a baja muy c\u00f3modo con una mediasuela suave que te proporciona una gran amortiguaci\u00f3n y ligereza. La suela Traxion con tacos te brinda una excelente adherencia en todas las direcciones.    Al elegir materiales reciclados, podemos dar nueva vida a materiales que ya se han utilizado, lo que contribuye a reducir los residuos. La utilizaci\u00f3n de materiales renovables nos ayuda a acabar con nuestra dependencia de los recursos finitos. Nuestros productos fabricados con materiales reciclados y renovables contienen al menos un 20% de estos materiales.  Horma cl\u00e1sica  Cierre de cordones  Empeine textil con puntera reforzada  Forro textil  Mediasuela de EVA  Suela Traxion  Peso: 330 g (talla 38 2\/3)  Drop: 9 mm (tal\u00f3n: 26 mm \/ antepi\u00e9: 17 mm)  Contiene al menos un 20% de material reciclado y renovable  Color del art\u00edculo: Burgundy \/ Silver Dawn \/ Pink Fusion  N\u00famero de art\u00edculo: IH3549                                                                                                                                                                                                                                                                                                                                                                                                                                                                                                                                                                                                                                                                                                                                                                                                                                                                                                                                                                                                                                        <\/p>\n","protected":false},"excerpt":{"rendered":"<p>ZAPATILLA TERREX ANYLANDER HIKING<\/p>\n","protected":false},"featured_media":58557,"template":"","meta":[],"product_brand":[],"product_cat":[286],"product_tag":[18],"class_list":{"0":"post-45762","1":"product","2":"type-product","3":"status-publish","4":"has-post-thumbnail","6":"product_cat-mujer_calzado_trail","7":"product_tag-adidas","8":"pa_color-unico","9":"pa_talla-40-5","10":"thunk-woo-product-list","11":"opn-qv-enable","12":"open-woo-hover-","13":"open-single-product-tab-horizontal","14":"open-shadow-","15":"open-shadow-hover-","17":"first","18":"instock","19":"sale","20":"shipping-taxable","21":"purchasable","22":"product-type-variable"},"jetpack_sharing_enabled":true,"_links":{"self":[{"href":"https:\/\/www.deporteseli.com\/index.php?rest_route=\/wp\/v2\/product\/45762","targetHints":{"allow":["GET"]}}],"collection":[{"href":"https:\/\/www.deporteseli.com\/index.php?rest_route=\/wp\/v2\/product"}],"about":[{"href":"https:\/\/www.deporteseli.com\/index.php?rest_route=\/wp\/v2\/types\/product"}],"wp:featuredmedia":[{"embeddable":true,"href":"https:\/\/www.deporteseli.com\/index.php?rest_route=\/wp\/v2\/media\/58557"}],"wp:attachment":[{"href":"https:\/\/www.deporteseli.com\/index.php?rest_route=%2Fwp%2Fv2%2Fmedia&parent=45762"}],"wp:term":[{"taxonomy":"product_brand","embeddable":true,"href":"https:\/\/www.deporteseli.com\/index.php?rest_route=%2Fwp%2Fv2%2Fproduct_brand&post=45762"},{"taxonomy":"product_cat","embeddable":true,"href":"https:\/\/www.deporteseli.com\/index.php?rest_route=%2Fwp%2Fv2%2Fproduct_cat&post=45762"},{"taxonomy":"product_tag","embeddable":true,"href":"https:\/\/www.deporteseli.com\/index.php?rest_route=%2Fwp%2Fv2%2Fproduct_tag&post=45762"}],"curies":[{"name":"wp","href":"https:\/\/api.w.org\/{rel}","templated":true}]}}