{"id":45758,"date":"2026-01-27T20:58:46","date_gmt":"2026-01-27T20:58:46","guid":{"rendered":"https:\/\/www.deporteseli.com\/?product=polo-essentials-de-pique-con-logo-pequeno"},"modified":"2026-03-07T06:24:30","modified_gmt":"2026-03-07T06:24:30","slug":"polo-essentials-de-pique-con-logo-pequeno","status":"publish","type":"product","link":"https:\/\/www.deporteseli.com\/?product=polo-essentials-de-pique-con-logo-pequeno","title":{"rendered":"POLO ESSENTIALS DE PIQU\u00e9 CON LOGO PEQUE\u00f1O"},"content":{"rendered":"<p>UN SOFISTICADO POLO CONFECCIONADO EN PARTE CON MATERIALES RECICLADOS Y RENOVABLES.  Con su dise\u00f1o moderno y estilo vers\u00e1til, este polo adidas es la clave para un look informal y cotidiano. Su corte es perfecto, con aberturas laterales que le dan un toque de flexibilidad. El logotipo de las 3 barras bordado remata el estilo sutilmente. Ya sea que lo combines con pantalones chinos para la oficina o con vaqueros para el fin de semana, este polo es perfecto para ti. Al optar por materiales reciclados, podemos reutilizar materiales ya creados, lo que ayuda a reducir los residuos. La elecci\u00f3n de materiales renovables nos ayuda a reducir nuestra dependencia de recursos finitos. Nuestros productos, fabricados con una mezcla de materiales reciclados y renovables, contienen al menos un 70 % de estos materiales.  Ajuste regular  Cierre de bot\u00f3n  100% algod\u00f3n  Dobladillo ligeramente ca\u00eddo  Contiene un m\u00ednimo de 70% de contenido reciclado y renovable.  Color: Azul oscuro \/ Blanco  C\u00f3digo de producto: JE9021                                                                                                                                                                                                                                                                                                                                                                                                                                                                                                                                                                                                                                                                                                                                                                                                                                                                                                                                                                                                                                        <\/p>\n","protected":false},"excerpt":{"rendered":"<p>POLO ESSENTIALS DE PIQU\u00e9 CON LOGO PEQUE\u00f1O<\/p>\n","protected":false},"featured_media":58555,"template":"","meta":[],"product_brand":[],"product_cat":[245],"product_tag":[18],"class_list":{"0":"post-45758","1":"product","2":"type-product","3":"status-publish","4":"has-post-thumbnail","6":"product_cat-hombre_textil_camisetas","7":"product_tag-adidas","8":"pa_color-unico","9":"pa_talla-l","10":"pa_talla-m","11":"pa_talla-xl","12":"thunk-woo-product-list","13":"opn-qv-enable","14":"open-woo-hover-","15":"open-single-product-tab-horizontal","16":"open-shadow-","17":"open-shadow-hover-","19":"first","20":"instock","21":"shipping-taxable","22":"purchasable","23":"product-type-variable"},"jetpack_sharing_enabled":true,"_links":{"self":[{"href":"https:\/\/www.deporteseli.com\/index.php?rest_route=\/wp\/v2\/product\/45758","targetHints":{"allow":["GET"]}}],"collection":[{"href":"https:\/\/www.deporteseli.com\/index.php?rest_route=\/wp\/v2\/product"}],"about":[{"href":"https:\/\/www.deporteseli.com\/index.php?rest_route=\/wp\/v2\/types\/product"}],"wp:featuredmedia":[{"embeddable":true,"href":"https:\/\/www.deporteseli.com\/index.php?rest_route=\/wp\/v2\/media\/58555"}],"wp:attachment":[{"href":"https:\/\/www.deporteseli.com\/index.php?rest_route=%2Fwp%2Fv2%2Fmedia&parent=45758"}],"wp:term":[{"taxonomy":"product_brand","embeddable":true,"href":"https:\/\/www.deporteseli.com\/index.php?rest_route=%2Fwp%2Fv2%2Fproduct_brand&post=45758"},{"taxonomy":"product_cat","embeddable":true,"href":"https:\/\/www.deporteseli.com\/index.php?rest_route=%2Fwp%2Fv2%2Fproduct_cat&post=45758"},{"taxonomy":"product_tag","embeddable":true,"href":"https:\/\/www.deporteseli.com\/index.php?rest_route=%2Fwp%2Fv2%2Fproduct_tag&post=45758"}],"curies":[{"name":"wp","href":"https:\/\/api.w.org\/{rel}","templated":true}]}}