{"id":45756,"date":"2026-01-27T20:58:42","date_gmt":"2026-01-27T20:58:42","guid":{"rendered":"https:\/\/www.deporteseli.com\/?product=camisa-adidas-jc5797"},"modified":"2026-03-07T06:24:26","modified_gmt":"2026-03-07T06:24:26","slug":"camisa-adidas-jc5797","status":"publish","type":"product","link":"https:\/\/www.deporteseli.com\/?product=camisa-adidas-jc5797","title":{"rendered":"CAMISA ADIDAS JC5797"},"content":{"rendered":"<p>LUCE EL MEJOR ESTILO ADIDAS CON ESTA MUSCULOSA AJUSTADA Y C\u00d3MODA.  Esta musculosa adidas es una pieza esencial en cualquier armario. Est\u00e1 confeccionada en tejido jersey de algod\u00f3n suave que se siente muy c\u00f3moda sobre tu piel. El ajuste ce\u00f1ido abraza tu cuerpo para proporcionarte una silueta estilizada. El logo lineal estampado en el pecho le imprime un toque deportivo.  Corte ajustado  Cuello redondo  93 % algod\u00f3n, 7 % elastano  Espalda cruzada  Color del art\u00edculo: Clear Pink \/ White  N\u00famero de art\u00edculo: JC5797                                                                                                                                                                                                                                                                                                                                                                                                                                                                                                                                                                                                                                                                                                                                                                                                                                                                                                                                                                                                                                        <\/p>\n","protected":false},"excerpt":{"rendered":"<p>CAMISA ADIDAS JC5797<\/p>\n","protected":false},"featured_media":58552,"template":"","meta":[],"product_brand":[],"product_cat":[269],"product_tag":[18],"class_list":{"0":"post-45756","1":"product","2":"type-product","3":"status-publish","4":"has-post-thumbnail","6":"product_cat-mujer_textil_camisetas","7":"product_tag-adidas","8":"pa_color-unico","9":"pa_talla-xs","10":"thunk-woo-product-list","11":"opn-qv-enable","12":"open-woo-hover-","13":"open-single-product-tab-horizontal","14":"open-shadow-","15":"open-shadow-hover-","17":"first","18":"instock","19":"shipping-taxable","20":"purchasable","21":"product-type-variable"},"jetpack_sharing_enabled":true,"_links":{"self":[{"href":"https:\/\/www.deporteseli.com\/index.php?rest_route=\/wp\/v2\/product\/45756","targetHints":{"allow":["GET"]}}],"collection":[{"href":"https:\/\/www.deporteseli.com\/index.php?rest_route=\/wp\/v2\/product"}],"about":[{"href":"https:\/\/www.deporteseli.com\/index.php?rest_route=\/wp\/v2\/types\/product"}],"wp:featuredmedia":[{"embeddable":true,"href":"https:\/\/www.deporteseli.com\/index.php?rest_route=\/wp\/v2\/media\/58552"}],"wp:attachment":[{"href":"https:\/\/www.deporteseli.com\/index.php?rest_route=%2Fwp%2Fv2%2Fmedia&parent=45756"}],"wp:term":[{"taxonomy":"product_brand","embeddable":true,"href":"https:\/\/www.deporteseli.com\/index.php?rest_route=%2Fwp%2Fv2%2Fproduct_brand&post=45756"},{"taxonomy":"product_cat","embeddable":true,"href":"https:\/\/www.deporteseli.com\/index.php?rest_route=%2Fwp%2Fv2%2Fproduct_cat&post=45756"},{"taxonomy":"product_tag","embeddable":true,"href":"https:\/\/www.deporteseli.com\/index.php?rest_route=%2Fwp%2Fv2%2Fproduct_tag&post=45756"}],"curies":[{"name":"wp","href":"https:\/\/api.w.org\/{rel}","templated":true}]}}