{"id":45742,"date":"2026-01-27T20:58:22","date_gmt":"2026-01-27T20:58:22","guid":{"rendered":"https:\/\/www.deporteseli.com\/?product=tenis-joma-c500-lady-2302"},"modified":"2026-04-12T04:17:33","modified_gmt":"2026-04-12T04:17:33","slug":"tenis-joma-c500-lady-2302","status":"publish","type":"product","link":"https:\/\/www.deporteseli.com\/?product=tenis-joma-c500-lady-2302","title":{"rendered":"TENIS JOMA C500 LADY 2302"},"content":{"rendered":"<p>Zapatillas casual de mujer. Disfruta de la sencillez que te ofrece este modelo de zapatillas deportivas. Para dise\u00f1arlas, nos hemos centrado en la versatilidad y la comodidad. Ideales para ir a andar, estar mucho tiempo de pie o para cualquier actividad que te depare el d\u00eda.    El corte de material sint\u00e9tico en una sola pieza cuenta con la tecnolog\u00eda ONE PIECE, que elimina casi todas las costuras y mantiene la ligereza de las zapatillas en todo momento. Se trata de un material ligero, resistente y de muy f\u00e1cil cuidado.    La mediasuela de phylon seccionado se adapta al movimiento del pie de manera ergon\u00f3mica, haciendo posible que sea m\u00e1s natural. Las secciones elevan la flexibilidad de las zapatillas.    La suela es antideslizante gracias a la tecnolog\u00eda SLIP RESISTANT. As\u00ed, la deportista podr\u00e1 salir a caminar con total seguridad y control de la pisada.                                                                                                                                                                                                                                                                                                                                                                                                                                                                                                                                                                                                                                                                                                                                                                                                                                                                                                                                                                                                                                        <\/p>\n","protected":false},"excerpt":{"rendered":"<p>TENIS JOMA C500 LADY 2302<\/p>\n","protected":false},"featured_media":58541,"template":"","meta":[],"product_brand":[],"product_cat":[285],"product_tag":[31],"class_list":{"0":"post-45742","1":"product","2":"type-product","3":"status-publish","4":"has-post-thumbnail","6":"product_cat-mujer_calzado_running","7":"product_tag-joma","8":"pa_color-negro","9":"pa_color-unico","10":"pa_talla-141","11":"pa_talla-143","12":"pa_talla-145","13":"pa_talla-147","14":"pa_talla-149","15":"pa_talla-151","16":"thunk-woo-product-list","17":"opn-qv-enable","18":"open-woo-hover-","19":"open-single-product-tab-horizontal","20":"open-shadow-","21":"open-shadow-hover-","23":"first","24":"instock","25":"shipping-taxable","26":"purchasable","27":"product-type-variable"},"jetpack_sharing_enabled":true,"_links":{"self":[{"href":"https:\/\/www.deporteseli.com\/index.php?rest_route=\/wp\/v2\/product\/45742","targetHints":{"allow":["GET"]}}],"collection":[{"href":"https:\/\/www.deporteseli.com\/index.php?rest_route=\/wp\/v2\/product"}],"about":[{"href":"https:\/\/www.deporteseli.com\/index.php?rest_route=\/wp\/v2\/types\/product"}],"wp:featuredmedia":[{"embeddable":true,"href":"https:\/\/www.deporteseli.com\/index.php?rest_route=\/wp\/v2\/media\/58541"}],"wp:attachment":[{"href":"https:\/\/www.deporteseli.com\/index.php?rest_route=%2Fwp%2Fv2%2Fmedia&parent=45742"}],"wp:term":[{"taxonomy":"product_brand","embeddable":true,"href":"https:\/\/www.deporteseli.com\/index.php?rest_route=%2Fwp%2Fv2%2Fproduct_brand&post=45742"},{"taxonomy":"product_cat","embeddable":true,"href":"https:\/\/www.deporteseli.com\/index.php?rest_route=%2Fwp%2Fv2%2Fproduct_cat&post=45742"},{"taxonomy":"product_tag","embeddable":true,"href":"https:\/\/www.deporteseli.com\/index.php?rest_route=%2Fwp%2Fv2%2Fproduct_tag&post=45742"}],"curies":[{"name":"wp","href":"https:\/\/api.w.org\/{rel}","templated":true}]}}