{"id":45733,"date":"2026-01-27T20:58:08","date_gmt":"2026-01-27T20:58:08","guid":{"rendered":"https:\/\/www.deporteseli.com\/?product=short-champion-219978"},"modified":"2026-04-18T04:18:53","modified_gmt":"2026-04-18T04:18:53","slug":"short-champion-219978","status":"publish","type":"product","link":"https:\/\/www.deporteseli.com\/?product=short-champion-219978","title":{"rendered":"SHORT CHAMPION 219978"},"content":{"rendered":"<p>  \u2022 Ba\u00f1ador moderno con el logotipo de Champion bordado  \u2022 Bolsillos laterales  \u2022 Forro de malla  \u2022 Bolsillo trasero con velcro  \u2022 Cintura el\u00e1stica y cord\u00f3n    TALLA Y AJUSTE    Ajuste cl\u00e1sico  Este producto se ajusta al tama\u00f1o real  Tome su talla habitual  Altura del modelo: 1m81  El modelo mostrado es una talla M    COMPOSICI\u00d3N Y CUIDADO    100% Poliamida  Forro: 100% Poli\u00e9ster                                                                                                                                                                                                                                                                                                                                                                                                                                                                                                                                                                                                                                                                                                                                                                                                                                                                                                                                                                                                                                        <\/p>\n","protected":false},"excerpt":{"rendered":"<p>SHORT CHAMPION 219978<\/p>\n","protected":false},"featured_media":58538,"template":"","meta":[],"product_brand":[],"product_cat":[246],"product_tag":[51],"class_list":{"0":"post-45733","1":"product","2":"type-product","3":"status-publish","4":"has-post-thumbnail","6":"product_cat-hombre_textil_banadores","7":"product_tag-champion","8":"pa_color-unico","9":"pa_talla-l","10":"pa_talla-m","11":"pa_talla-s","12":"pa_talla-xl","13":"thunk-woo-product-list","14":"opn-qv-enable","15":"open-woo-hover-","16":"open-single-product-tab-horizontal","17":"open-shadow-","18":"open-shadow-hover-","20":"first","21":"instock","22":"shipping-taxable","23":"purchasable","24":"product-type-variable"},"jetpack_sharing_enabled":true,"_links":{"self":[{"href":"https:\/\/www.deporteseli.com\/index.php?rest_route=\/wp\/v2\/product\/45733","targetHints":{"allow":["GET"]}}],"collection":[{"href":"https:\/\/www.deporteseli.com\/index.php?rest_route=\/wp\/v2\/product"}],"about":[{"href":"https:\/\/www.deporteseli.com\/index.php?rest_route=\/wp\/v2\/types\/product"}],"wp:featuredmedia":[{"embeddable":true,"href":"https:\/\/www.deporteseli.com\/index.php?rest_route=\/wp\/v2\/media\/58538"}],"wp:attachment":[{"href":"https:\/\/www.deporteseli.com\/index.php?rest_route=%2Fwp%2Fv2%2Fmedia&parent=45733"}],"wp:term":[{"taxonomy":"product_brand","embeddable":true,"href":"https:\/\/www.deporteseli.com\/index.php?rest_route=%2Fwp%2Fv2%2Fproduct_brand&post=45733"},{"taxonomy":"product_cat","embeddable":true,"href":"https:\/\/www.deporteseli.com\/index.php?rest_route=%2Fwp%2Fv2%2Fproduct_cat&post=45733"},{"taxonomy":"product_tag","embeddable":true,"href":"https:\/\/www.deporteseli.com\/index.php?rest_route=%2Fwp%2Fv2%2Fproduct_tag&post=45733"}],"curies":[{"name":"wp","href":"https:\/\/api.w.org\/{rel}","templated":true}]}}