{"id":45731,"date":"2026-01-27T20:58:06","date_gmt":"2026-01-27T20:58:06","guid":{"rendered":"https:\/\/www.deporteseli.com\/?product=raqueta-wilson-slam"},"modified":"2026-03-24T12:47:38","modified_gmt":"2026-03-24T12:47:38","slug":"raqueta-wilson-slam","status":"publish","type":"product","link":"https:\/\/www.deporteseli.com\/?product=raqueta-wilson-slam","title":{"rendered":"RAQUETA WILSON SLAM"},"content":{"rendered":"<p>Descripci\u00f3n  Compra la Raqueta de Tenis Wilson Slam Jr 21 para ni\u00f1os. Ideal para iniciarse en el deporte. Color azul y dise\u00f1o atractivo.  Perfecta para peque\u00f1os tenistas!    Caracter\u00edsticas  La Slam JR 21 de Wilson presenta un dise\u00f1o divertido y juvenil con colores brillantes y vibrantes.  Es una raqueta de tenis liviana y f\u00e1cil de manejar con una jugabilidad lista para el rendimiento que es perfecta para principiantes.  El marco de aluminio AirLite Alloy proporciona durabilidad liviana con una resistencia impresionante.  Las tecnolog\u00edas del marco optimizadas para principiantes hacen que esta raqueta sea estable, potente y f\u00e1cil de maniobrar, para que los nuevos jugadores junior puedan experimentar el \u00e9xito cada vez que ingresen a la cancha.  Esta raqueta de 21 pulgadas preencordada viene ajustada y lista para jugar. Recomendada para jugadores de 5 a 6 a\u00f1os.  Material resistente  Color del producto: Azul                                                                                                                                                                                                                                                                                                                                                                                                                                                                                                                                                                                                                                                                                                                                                                                                                                                                                                                                                                                                                                        <\/p>\n","protected":false},"excerpt":{"rendered":"<p>RAQUETA WILSON SLAM<\/p>\n","protected":false},"featured_media":58536,"template":"","meta":[],"product_brand":[],"product_cat":[348],"product_tag":[57],"class_list":{"0":"post-45731","1":"product","2":"type-product","3":"status-publish","4":"has-post-thumbnail","6":"product_cat-deportes_tenis","7":"product_tag-wilson","8":"pa_color-unico","9":"pa_talla-unica","10":"thunk-woo-product-list","11":"opn-qv-enable","12":"open-woo-hover-","13":"open-single-product-tab-horizontal","14":"open-shadow-","15":"open-shadow-hover-","17":"first","18":"instock","19":"shipping-taxable","20":"purchasable","21":"product-type-variable"},"jetpack_sharing_enabled":true,"_links":{"self":[{"href":"https:\/\/www.deporteseli.com\/index.php?rest_route=\/wp\/v2\/product\/45731","targetHints":{"allow":["GET"]}}],"collection":[{"href":"https:\/\/www.deporteseli.com\/index.php?rest_route=\/wp\/v2\/product"}],"about":[{"href":"https:\/\/www.deporteseli.com\/index.php?rest_route=\/wp\/v2\/types\/product"}],"wp:featuredmedia":[{"embeddable":true,"href":"https:\/\/www.deporteseli.com\/index.php?rest_route=\/wp\/v2\/media\/58536"}],"wp:attachment":[{"href":"https:\/\/www.deporteseli.com\/index.php?rest_route=%2Fwp%2Fv2%2Fmedia&parent=45731"}],"wp:term":[{"taxonomy":"product_brand","embeddable":true,"href":"https:\/\/www.deporteseli.com\/index.php?rest_route=%2Fwp%2Fv2%2Fproduct_brand&post=45731"},{"taxonomy":"product_cat","embeddable":true,"href":"https:\/\/www.deporteseli.com\/index.php?rest_route=%2Fwp%2Fv2%2Fproduct_cat&post=45731"},{"taxonomy":"product_tag","embeddable":true,"href":"https:\/\/www.deporteseli.com\/index.php?rest_route=%2Fwp%2Fv2%2Fproduct_tag&post=45731"}],"curies":[{"name":"wp","href":"https:\/\/api.w.org\/{rel}","templated":true}]}}