{"id":45723,"date":"2026-01-27T20:57:55","date_gmt":"2026-01-27T20:57:55","guid":{"rendered":"https:\/\/www.deporteseli.com\/?product=raqueta-wilson-pro-staff-precision-26"},"modified":"2026-03-24T12:49:36","modified_gmt":"2026-03-24T12:49:36","slug":"raqueta-wilson-pro-staff-precision-26","status":"publish","type":"product","link":"https:\/\/www.deporteseli.com\/?product=raqueta-wilson-pro-staff-precision-26","title":{"rendered":"RAQUETA WILSON PRO STAFF PRECISION 26"},"content":{"rendered":"<p>Los tenistas principiantes est\u00e1n de suerte. La raqueta Pro Staff Precision est\u00e1 hecha a tu medida. Su marco de aleaci\u00f3n Air Lite es ligero, ideal para los m\u00e1s j\u00f3venes que buscan perfeccionar sus golpes. Adem\u00e1s, incorpora tecnolog\u00eda que aumenta su estabilidad, para que cada swing se sienta limpio y suave. Inspirada en la colecci\u00f3n Pro Staff, esta es una raqueta ideal para principiantes que est\u00e1n aprendiendo a jugar.                                                                                                                                                                                                                                                                                                                                                                                                                                                                                                                                                                                                                                                                                                                                                                                                                                                                                                                                                                                                                                        <\/p>\n","protected":false},"excerpt":{"rendered":"<p>RAQUETA WILSON PRO STAFF PRECISION 26<\/p>\n","protected":false},"featured_media":58525,"template":"","meta":[],"product_brand":[],"product_cat":[348],"product_tag":[57],"class_list":{"0":"post-45723","1":"product","2":"type-product","3":"status-publish","4":"has-post-thumbnail","6":"product_cat-deportes_tenis","7":"product_tag-wilson","8":"pa_color-unico","9":"pa_talla-unica","10":"thunk-woo-product-list","11":"opn-qv-enable","12":"open-woo-hover-","13":"open-single-product-tab-horizontal","14":"open-shadow-","15":"open-shadow-hover-","17":"first","18":"instock","19":"sale","20":"shipping-taxable","21":"purchasable","22":"product-type-variable"},"jetpack_sharing_enabled":true,"_links":{"self":[{"href":"https:\/\/www.deporteseli.com\/index.php?rest_route=\/wp\/v2\/product\/45723","targetHints":{"allow":["GET"]}}],"collection":[{"href":"https:\/\/www.deporteseli.com\/index.php?rest_route=\/wp\/v2\/product"}],"about":[{"href":"https:\/\/www.deporteseli.com\/index.php?rest_route=\/wp\/v2\/types\/product"}],"wp:featuredmedia":[{"embeddable":true,"href":"https:\/\/www.deporteseli.com\/index.php?rest_route=\/wp\/v2\/media\/58525"}],"wp:attachment":[{"href":"https:\/\/www.deporteseli.com\/index.php?rest_route=%2Fwp%2Fv2%2Fmedia&parent=45723"}],"wp:term":[{"taxonomy":"product_brand","embeddable":true,"href":"https:\/\/www.deporteseli.com\/index.php?rest_route=%2Fwp%2Fv2%2Fproduct_brand&post=45723"},{"taxonomy":"product_cat","embeddable":true,"href":"https:\/\/www.deporteseli.com\/index.php?rest_route=%2Fwp%2Fv2%2Fproduct_cat&post=45723"},{"taxonomy":"product_tag","embeddable":true,"href":"https:\/\/www.deporteseli.com\/index.php?rest_route=%2Fwp%2Fv2%2Fproduct_tag&post=45723"}],"curies":[{"name":"wp","href":"https:\/\/api.w.org\/{rel}","templated":true}]}}