{"id":45701,"date":"2026-01-27T20:57:27","date_gmt":"2026-01-27T20:57:27","guid":{"rendered":"https:\/\/www.deporteseli.com\/?product=adidas-entrenamiento-funcional"},"modified":"2026-03-06T05:18:55","modified_gmt":"2026-03-06T05:18:55","slug":"adidas-entrenamiento-funcional","status":"publish","type":"product","link":"https:\/\/www.deporteseli.com\/?product=adidas-entrenamiento-funcional","title":{"rendered":"ADIDAS ENTRENAMIENTO FUNCIONAL"},"content":{"rendered":"<p>Detalles:    Ideal para quienes necesitan zapatos para moverse con agilidad en todas las direcciones durante HIIT y entrenamiento funcional de alta intensidad.  Parte superior de malla transpirable y reforzada que ayuda a mantener el pie siempre firme dentro del zapato.  Entresuela de compuesto Lightstrike ligera y sensible. El soporte asim\u00e9trico Torsion System est\u00e1 dise\u00f1ado espec\u00edficamente para brindarte apoyo durante los entrenamientos m\u00e1s intensos y movimientos explosivos en todas las direcciones.  Suela de caucho continental con base ancha que brinda estabilidad adicional sin perder agarre durante los entrenamientos  Sistema de cordones con doble ojal que permite que la zapatilla se adhiera perfectamente al pie en cualquier situaci\u00f3n.  Leng\u00fceta ancha, fina y ligeramente acolchada que no est\u00e1 integrada en la estructura.  Detalle en la espalda que facilita su colocaci\u00f3n.  Inserciones de TPU aplicadas lateralmente que aportan mayor soporte durante los movimientos.  Zona de puntera y tal\u00f3n reforzada  Plantilla extra\u00edble y contorneada.  TORSION SYSTEM  Soporte de arco, muy ligero que permite al antepi\u00e9 y al tal\u00f3n moverse independientemente. Esto garantiza una mejor estabilidad del pie y una capacidad de adaptaci\u00f3n con el suelo.    CONTINENTAL  La goma, l\u00edder del sector, garantiza un grip en el mojado, superior al que ofrece, en seco, otra mezcla presente en el mercado y garantiza el mejor rendimiento en cualquier condici\u00f3n meteorol\u00f3gica y en todo tipo de terreno. Dependiendo del modelo de la zapatilla de running, la goma se posiciona en varias \u00e1reas de la suela.    Lightstrike  La tecnolog\u00eda Lightstrike ofrece una amortiguaci\u00f3n ultraligera que garantiza una comodidad y un retorno de energ\u00eda incomparables.                                                                                                                                                                                                                                                                                                                                                                                                                                                                                                                                                                                                                                                                                                                                                                                                                                                                                                                                                                                                                                        <\/p>\n","protected":false},"excerpt":{"rendered":"<p>ADIDAS ENTRENAMIENTO FUNCIONAL<\/p>\n","protected":false},"featured_media":58505,"template":"","meta":[],"product_brand":[],"product_cat":[259],"product_tag":[18],"class_list":{"0":"post-45701","1":"product","2":"type-product","3":"status-publish","4":"has-post-thumbnail","6":"product_cat-hombre_calzado_running","7":"product_tag-adidas","8":"pa_color-unico","9":"pa_talla-42-5","10":"pa_talla-43-5","11":"pa_talla-157","12":"pa_talla-45-5","13":"pa_talla-161","14":"thunk-woo-product-list","15":"opn-qv-enable","16":"open-woo-hover-","17":"open-single-product-tab-horizontal","18":"open-shadow-","19":"open-shadow-hover-","21":"first","22":"instock","23":"sale","24":"shipping-taxable","25":"purchasable","26":"product-type-variable"},"jetpack_sharing_enabled":true,"_links":{"self":[{"href":"https:\/\/www.deporteseli.com\/index.php?rest_route=\/wp\/v2\/product\/45701","targetHints":{"allow":["GET"]}}],"collection":[{"href":"https:\/\/www.deporteseli.com\/index.php?rest_route=\/wp\/v2\/product"}],"about":[{"href":"https:\/\/www.deporteseli.com\/index.php?rest_route=\/wp\/v2\/types\/product"}],"wp:featuredmedia":[{"embeddable":true,"href":"https:\/\/www.deporteseli.com\/index.php?rest_route=\/wp\/v2\/media\/58505"}],"wp:attachment":[{"href":"https:\/\/www.deporteseli.com\/index.php?rest_route=%2Fwp%2Fv2%2Fmedia&parent=45701"}],"wp:term":[{"taxonomy":"product_brand","embeddable":true,"href":"https:\/\/www.deporteseli.com\/index.php?rest_route=%2Fwp%2Fv2%2Fproduct_brand&post=45701"},{"taxonomy":"product_cat","embeddable":true,"href":"https:\/\/www.deporteseli.com\/index.php?rest_route=%2Fwp%2Fv2%2Fproduct_cat&post=45701"},{"taxonomy":"product_tag","embeddable":true,"href":"https:\/\/www.deporteseli.com\/index.php?rest_route=%2Fwp%2Fv2%2Fproduct_tag&post=45701"}],"curies":[{"name":"wp","href":"https:\/\/api.w.org\/{rel}","templated":true}]}}