{"id":45699,"date":"2026-01-27T20:57:23","date_gmt":"2026-01-27T20:57:23","guid":{"rendered":"https:\/\/www.deporteseli.com\/?product=balon-adidas-club-blanco-verde-eurocopa-feme"},"modified":"2026-01-27T20:57:25","modified_gmt":"2026-01-27T20:57:25","slug":"balon-adidas-club-blanco-verde-eurocopa-feme","status":"publish","type":"product","link":"https:\/\/www.deporteseli.com\/?product=balon-adidas-club-blanco-verde-eurocopa-feme","title":{"rendered":"BAL\u00f3N ADIDAS CLUB BLANCO\/VERDE (EUROCOPA FEME"},"content":{"rendered":"<p>Un bal\u00f3n recreativo con un dise\u00f1o inspirado en el bal\u00f3n de torneo.  Lleva tu pasi\u00f3n por el f\u00fatbol femenino a tu propio patio trasero con este bal\u00f3n recreativo Women&#8217;s Euro25 Club de adidas. Fabricado con un exterior de TPU duradero cosido a m\u00e1quina y una vejiga de butilo duradera, es perfecto para partidos y para practicar tus habilidades. El llamativo dise\u00f1o de inspiraci\u00f3n suiza est\u00e1 inspirado en el bal\u00f3n oficial del partido UEFA Women&#8217;s EURO25\u2122.    100% poliuretano termopl\u00e1stico  Construcci\u00f3n cosida a m\u00e1quina  vejiga de butilo  Logotipo impreso de la UEFA EURO25\u2122 Femenina  Requiere inflaci\u00f3n  Color del producto: Blanco  C\u00f3digo de producto: JH1270                                                                                                                                                                                                                                                                                                                                                                                                                                                                                                                                                                                                                                                                                                                                                                                                                                                                                                                                                                                                                                        <\/p>\n","protected":false},"excerpt":{"rendered":"<p>BAL\u00f3N ADIDAS CLUB BLANCO\/VERDE (EUROCOPA FEME<\/p>\n","protected":false},"featured_media":58502,"template":"","meta":[],"product_brand":[],"product_cat":[347],"product_tag":[18],"class_list":{"0":"post-45699","1":"product","2":"type-product","3":"status-publish","4":"has-post-thumbnail","6":"product_cat-deportes_balones","7":"product_tag-adidas","8":"pa_color-unico","9":"pa_talla-169","10":"thunk-woo-product-list","11":"opn-qv-enable","12":"open-woo-hover-","13":"open-single-product-tab-horizontal","14":"open-shadow-","15":"open-shadow-hover-","17":"first","18":"instock","19":"shipping-taxable","20":"purchasable","21":"product-type-variable"},"jetpack_sharing_enabled":true,"_links":{"self":[{"href":"https:\/\/www.deporteseli.com\/index.php?rest_route=\/wp\/v2\/product\/45699","targetHints":{"allow":["GET"]}}],"collection":[{"href":"https:\/\/www.deporteseli.com\/index.php?rest_route=\/wp\/v2\/product"}],"about":[{"href":"https:\/\/www.deporteseli.com\/index.php?rest_route=\/wp\/v2\/types\/product"}],"wp:featuredmedia":[{"embeddable":true,"href":"https:\/\/www.deporteseli.com\/index.php?rest_route=\/wp\/v2\/media\/58502"}],"wp:attachment":[{"href":"https:\/\/www.deporteseli.com\/index.php?rest_route=%2Fwp%2Fv2%2Fmedia&parent=45699"}],"wp:term":[{"taxonomy":"product_brand","embeddable":true,"href":"https:\/\/www.deporteseli.com\/index.php?rest_route=%2Fwp%2Fv2%2Fproduct_brand&post=45699"},{"taxonomy":"product_cat","embeddable":true,"href":"https:\/\/www.deporteseli.com\/index.php?rest_route=%2Fwp%2Fv2%2Fproduct_cat&post=45699"},{"taxonomy":"product_tag","embeddable":true,"href":"https:\/\/www.deporteseli.com\/index.php?rest_route=%2Fwp%2Fv2%2Fproduct_tag&post=45699"}],"curies":[{"name":"wp","href":"https:\/\/api.w.org\/{rel}","templated":true}]}}