{"id":45695,"date":"2026-01-27T20:57:18","date_gmt":"2026-01-27T20:57:18","guid":{"rendered":"https:\/\/www.deporteseli.com\/?product=cartera-adidas"},"modified":"2026-03-26T11:09:32","modified_gmt":"2026-03-26T11:09:32","slug":"cartera-adidas","status":"publish","type":"product","link":"https:\/\/www.deporteseli.com\/?product=cartera-adidas","title":{"rendered":"CARTERA ADIDAS"},"content":{"rendered":"<p>LA FUNCIONALIDAD QUE ENCAJA EN TU D\u00cdA A D\u00cdA  Esta cartera adidas te permite tener lo que importa siempre a mano. Su dise\u00f1o plegable incluye un compartimento para billetes, ranuras para tarjetas y una ventana de malla para el DNI. Se ha confeccionado en poli\u00e9ster resistente al desgaste para soportar las exigencias del uso diario y luce el logotipo de adidas en la parte frontal para exhibir tus credenciales deportivas.  Dimensiones: 13 cm x 25,5 cm  Exterior: 100% poli\u00e9ster (reciclado)  Interior: 100% elast\u00f3mero termopl\u00e1stico  M\u00faltiples compartimentos  Color del art\u00edculo: Dark Blue \/ White  N\u00famero de art\u00edculo: IN6133                                                                                                                                                                                                                                                                                                                                                                                                                                                                                                                                                                                                                                                                                                                                                                                                                                                                                                                                                                                                                                        <\/p>\n","protected":false},"excerpt":{"rendered":"<p>CARTERA ADIDAS<\/p>\n","protected":false},"featured_media":73224,"template":"","meta":[],"product_brand":[],"product_cat":[404],"product_tag":[18],"class_list":{"0":"post-45695","1":"product","2":"type-product","3":"status-publish","4":"has-post-thumbnail","6":"product_cat-accesorios_carteras","7":"product_tag-adidas","8":"pa_color-unico","9":"pa_talla-unica","10":"thunk-woo-product-list","11":"opn-qv-enable","12":"open-woo-hover-","13":"open-single-product-tab-horizontal","14":"open-shadow-","15":"open-shadow-hover-","17":"first","18":"instock","19":"shipping-taxable","20":"purchasable","21":"product-type-variable"},"jetpack_sharing_enabled":true,"_links":{"self":[{"href":"https:\/\/www.deporteseli.com\/index.php?rest_route=\/wp\/v2\/product\/45695","targetHints":{"allow":["GET"]}}],"collection":[{"href":"https:\/\/www.deporteseli.com\/index.php?rest_route=\/wp\/v2\/product"}],"about":[{"href":"https:\/\/www.deporteseli.com\/index.php?rest_route=\/wp\/v2\/types\/product"}],"wp:featuredmedia":[{"embeddable":true,"href":"https:\/\/www.deporteseli.com\/index.php?rest_route=\/wp\/v2\/media\/73224"}],"wp:attachment":[{"href":"https:\/\/www.deporteseli.com\/index.php?rest_route=%2Fwp%2Fv2%2Fmedia&parent=45695"}],"wp:term":[{"taxonomy":"product_brand","embeddable":true,"href":"https:\/\/www.deporteseli.com\/index.php?rest_route=%2Fwp%2Fv2%2Fproduct_brand&post=45695"},{"taxonomy":"product_cat","embeddable":true,"href":"https:\/\/www.deporteseli.com\/index.php?rest_route=%2Fwp%2Fv2%2Fproduct_cat&post=45695"},{"taxonomy":"product_tag","embeddable":true,"href":"https:\/\/www.deporteseli.com\/index.php?rest_route=%2Fwp%2Fv2%2Fproduct_tag&post=45695"}],"curies":[{"name":"wp","href":"https:\/\/api.w.org\/{rel}","templated":true}]}}