{"id":45693,"date":"2026-01-27T20:57:16","date_gmt":"2026-01-27T20:57:16","guid":{"rendered":"https:\/\/www.deporteseli.com\/?product=munequeras-grandes-tennis-2"},"modified":"2026-03-24T05:18:21","modified_gmt":"2026-03-24T05:18:21","slug":"munequeras-grandes-tennis-2","status":"publish","type":"product","link":"https:\/\/www.deporteseli.com\/?product=munequeras-grandes-tennis-2","title":{"rendered":"MU\u00f1EQUERAS GRANDES TENNIS"},"content":{"rendered":"<p>M\u00c1XIMO RENDIMIENTO EN LA PISTA  Domina el partido de principio a fin. Estas mu\u00f1equeras grandes de tenis te ayudan a secar el sudor y a mantener la concentraci\u00f3n. Se han confeccionado en un tejido suave, el\u00e1stico y absorbente que te permite desplegar tu mejor juego.    Este producto se ha fabricado con diferentes materiales t\u00e9cnicos y contiene al menos un 70% de material reciclado. Su objetivo es plantear otra soluci\u00f3n m\u00e1s que ayude a eliminar los residuos pl\u00e1sticos.  74% poli\u00e9ster reciclado \/ 23% algod\u00f3n \/ 3% elast\u00e1n  Logotipo de adidas bordado  Color del art\u00edculo: White \/ White \/ Black  N\u00famero de art\u00edculo: HT3911                                                                                                                                                                                                                                                                                                                                                                                                                                                                                                                                                                                                                                                                                                                                                                                                                                                                                                                                                                                                                                        <\/p>\n","protected":false},"excerpt":{"rendered":"<p>MU\u00f1EQUERAS GRANDES TENNIS<\/p>\n","protected":false},"featured_media":58491,"template":"","meta":[],"product_brand":[],"product_cat":[242],"product_tag":[18],"class_list":{"0":"post-45693","1":"product","2":"type-product","3":"status-publish","4":"has-post-thumbnail","6":"product_cat-unisex_accesorios","7":"product_tag-adidas","8":"pa_color-unico","9":"pa_talla-unica","10":"thunk-woo-product-list","11":"opn-qv-enable","12":"open-woo-hover-","13":"open-single-product-tab-horizontal","14":"open-shadow-","15":"open-shadow-hover-","17":"first","18":"instock","19":"shipping-taxable","20":"purchasable","21":"product-type-variable"},"jetpack_sharing_enabled":true,"_links":{"self":[{"href":"https:\/\/www.deporteseli.com\/index.php?rest_route=\/wp\/v2\/product\/45693","targetHints":{"allow":["GET"]}}],"collection":[{"href":"https:\/\/www.deporteseli.com\/index.php?rest_route=\/wp\/v2\/product"}],"about":[{"href":"https:\/\/www.deporteseli.com\/index.php?rest_route=\/wp\/v2\/types\/product"}],"wp:featuredmedia":[{"embeddable":true,"href":"https:\/\/www.deporteseli.com\/index.php?rest_route=\/wp\/v2\/media\/58491"}],"wp:attachment":[{"href":"https:\/\/www.deporteseli.com\/index.php?rest_route=%2Fwp%2Fv2%2Fmedia&parent=45693"}],"wp:term":[{"taxonomy":"product_brand","embeddable":true,"href":"https:\/\/www.deporteseli.com\/index.php?rest_route=%2Fwp%2Fv2%2Fproduct_brand&post=45693"},{"taxonomy":"product_cat","embeddable":true,"href":"https:\/\/www.deporteseli.com\/index.php?rest_route=%2Fwp%2Fv2%2Fproduct_cat&post=45693"},{"taxonomy":"product_tag","embeddable":true,"href":"https:\/\/www.deporteseli.com\/index.php?rest_route=%2Fwp%2Fv2%2Fproduct_tag&post=45693"}],"curies":[{"name":"wp","href":"https:\/\/api.w.org\/{rel}","templated":true}]}}