{"id":45686,"date":"2026-01-27T20:57:07","date_gmt":"2026-01-27T20:57:07","guid":{"rendered":"https:\/\/www.deporteseli.com\/?product=zapatillas-adidas-grand-court-base-2-0"},"modified":"2026-02-27T05:18:35","modified_gmt":"2026-02-27T05:18:35","slug":"zapatillas-adidas-grand-court-base-2-0","status":"publish","type":"product","link":"https:\/\/www.deporteseli.com\/?product=zapatillas-adidas-grand-court-base-2-0","title":{"rendered":"ZAPATILLAS ADIDAS GRAND COURT BASE 2.0"},"content":{"rendered":"<p>ZAPATILLAS DE CORTE BAJO CON EL LEGADO DE LAS CANCHAS  Estas zapatillas adidas son un \u00edcono inspirado en las canchas y reimaginado para una nueva generaci\u00f3n. Lucen un exterior de cuero sint\u00e9tico y detalles emblem\u00e1ticos que se mantienen fieles al legado deportivo del estilo. La suela de caucho se adhiere al suelo mientras te enfrentas a tu d\u00eda a d\u00eda.  Ajuste cl\u00e1sico  Cierre de cordones  Exterior de cuero sint\u00e9tico  Forro interno textil  Suela de caucho  Color del art\u00edculo: Cloud White \/ Dark Blue \/ Semi Lucid Blue  N\u00famero de art\u00edculo: JH8610                                                                                                                                                                                                                                                                                                                                                                                                                                                                                                                                                                                                                                                                                                                                                                                                                                                                                                                                                                                                                                        <\/p>\n","protected":false},"excerpt":{"rendered":"<p>ZAPATILLAS ADIDAS GRAND COURT BASE 2.0<\/p>\n","protected":false},"featured_media":58486,"template":"","meta":[],"product_brand":[],"product_cat":[261],"product_tag":[18],"class_list":{"0":"post-45686","1":"product","2":"type-product","3":"status-publish","4":"has-post-thumbnail","6":"product_cat-hombre_calzado_casual","7":"product_tag-adidas","8":"pa_color-unico","9":"pa_talla-43-5","10":"pa_talla-157","11":"pa_talla-45-5","12":"pa_talla-161","13":"pa_talla-163","14":"pa_talla-164","15":"thunk-woo-product-list","16":"opn-qv-enable","17":"open-woo-hover-","18":"open-single-product-tab-horizontal","19":"open-shadow-","20":"open-shadow-hover-","22":"first","23":"instock","24":"sale","25":"shipping-taxable","26":"purchasable","27":"product-type-variable"},"jetpack_sharing_enabled":true,"_links":{"self":[{"href":"https:\/\/www.deporteseli.com\/index.php?rest_route=\/wp\/v2\/product\/45686","targetHints":{"allow":["GET"]}}],"collection":[{"href":"https:\/\/www.deporteseli.com\/index.php?rest_route=\/wp\/v2\/product"}],"about":[{"href":"https:\/\/www.deporteseli.com\/index.php?rest_route=\/wp\/v2\/types\/product"}],"wp:featuredmedia":[{"embeddable":true,"href":"https:\/\/www.deporteseli.com\/index.php?rest_route=\/wp\/v2\/media\/58486"}],"wp:attachment":[{"href":"https:\/\/www.deporteseli.com\/index.php?rest_route=%2Fwp%2Fv2%2Fmedia&parent=45686"}],"wp:term":[{"taxonomy":"product_brand","embeddable":true,"href":"https:\/\/www.deporteseli.com\/index.php?rest_route=%2Fwp%2Fv2%2Fproduct_brand&post=45686"},{"taxonomy":"product_cat","embeddable":true,"href":"https:\/\/www.deporteseli.com\/index.php?rest_route=%2Fwp%2Fv2%2Fproduct_cat&post=45686"},{"taxonomy":"product_tag","embeddable":true,"href":"https:\/\/www.deporteseli.com\/index.php?rest_route=%2Fwp%2Fv2%2Fproduct_tag&post=45686"}],"curies":[{"name":"wp","href":"https:\/\/api.w.org\/{rel}","templated":true}]}}