{"id":45679,"date":"2026-01-27T20:56:59","date_gmt":"2026-01-27T20:56:59","guid":{"rendered":"https:\/\/www.deporteseli.com\/?product=gorra-adidas-3"},"modified":"2026-01-27T20:57:02","modified_gmt":"2026-01-27T20:57:02","slug":"gorra-adidas-3","status":"publish","type":"product","link":"https:\/\/www.deporteseli.com\/?product=gorra-adidas-3","title":{"rendered":"GORRA ADIDAS"},"content":{"rendered":"<p>ESTILO ADIDAS PARA SU D\u00cdA A D\u00cdA  Esta gorra adidas es perfecta para que tu peque disfrute al m\u00e1ximo de sus aventuras al aire libre. La visera curvada le protege del sol, mientras que el tejido de sarga de algod\u00f3n suave le ofrece una gran comodidad. Su dise\u00f1o llamativo con detalles en contraste har\u00e1 que quiera pon\u00e9rsela cada vez que salga a la calle.  Talla \u00fanica  100% algod\u00f3n  Cierre ajustable en la nuca  Color del art\u00edculo: Pink Fusion  N\u00famero de art\u00edculo: JD1331                                                                                                                                                                                                                                                                                                                                                                                                                                                                                                                                                                                                                                                                                                                                                                                                                                                                                                                                                                                                                                        <\/p>\n","protected":false},"excerpt":{"rendered":"<p>GORRA ADIDAS<\/p>\n","protected":false},"featured_media":58478,"template":"","meta":[],"product_brand":[],"product_cat":[399],"product_tag":[18],"class_list":{"0":"post-45679","1":"product","2":"type-product","3":"status-publish","4":"has-post-thumbnail","6":"product_cat-accesorios_gorras","7":"product_tag-adidas","8":"pa_color-unico","9":"pa_talla-l","10":"pa_talla-s","11":"pa_talla-xl","12":"thunk-woo-product-list","13":"opn-qv-enable","14":"open-woo-hover-","15":"open-single-product-tab-horizontal","16":"open-shadow-","17":"open-shadow-hover-","19":"first","20":"instock","21":"shipping-taxable","22":"purchasable","23":"product-type-variable"},"jetpack_sharing_enabled":true,"_links":{"self":[{"href":"https:\/\/www.deporteseli.com\/index.php?rest_route=\/wp\/v2\/product\/45679","targetHints":{"allow":["GET"]}}],"collection":[{"href":"https:\/\/www.deporteseli.com\/index.php?rest_route=\/wp\/v2\/product"}],"about":[{"href":"https:\/\/www.deporteseli.com\/index.php?rest_route=\/wp\/v2\/types\/product"}],"wp:featuredmedia":[{"embeddable":true,"href":"https:\/\/www.deporteseli.com\/index.php?rest_route=\/wp\/v2\/media\/58478"}],"wp:attachment":[{"href":"https:\/\/www.deporteseli.com\/index.php?rest_route=%2Fwp%2Fv2%2Fmedia&parent=45679"}],"wp:term":[{"taxonomy":"product_brand","embeddable":true,"href":"https:\/\/www.deporteseli.com\/index.php?rest_route=%2Fwp%2Fv2%2Fproduct_brand&post=45679"},{"taxonomy":"product_cat","embeddable":true,"href":"https:\/\/www.deporteseli.com\/index.php?rest_route=%2Fwp%2Fv2%2Fproduct_cat&post=45679"},{"taxonomy":"product_tag","embeddable":true,"href":"https:\/\/www.deporteseli.com\/index.php?rest_route=%2Fwp%2Fv2%2Fproduct_tag&post=45679"}],"curies":[{"name":"wp","href":"https:\/\/api.w.org\/{rel}","templated":true}]}}