{"id":45674,"date":"2026-01-27T20:56:52","date_gmt":"2026-01-27T20:56:52","guid":{"rendered":"https:\/\/www.deporteseli.com\/?product=banador-slip-3-bandas"},"modified":"2026-01-27T20:56:55","modified_gmt":"2026-01-27T20:56:55","slug":"banador-slip-3-bandas","status":"publish","type":"product","link":"https:\/\/www.deporteseli.com\/?product=banador-slip-3-bandas","title":{"rendered":"BA\u00f1ADOR SLIP 3 BANDAS"},"content":{"rendered":"<p>CONFORT Y ESTILO EN EL AGUA  Este ba\u00f1ador adidas te ofrece la comodidad que necesitas tanto para recortar unos segundos a tu mejor marca personal como para relajarte en el agua. Se ha confeccionado en un tejido Infinitex que resiste al cloro y prolonga la vida \u00fatil de nuestros ba\u00f1adores. El cord\u00f3n interior te ofrece un ajuste a medida.    Este producto contiene al menos un 70% de materiales reciclados. Utilizando materiales reciclados, reducimos los residuos, nuestra dependencia de los recursos finitos y la huella que generan los productos que fabricamos.  Corte ajustado  Cintura el\u00e1stica con cord\u00f3n  78% poliamida (reciclada) \/ 22% elastano  Tejido Infinitex  Color del art\u00edculo: Bright Royal \/ White  N\u00famero de art\u00edculo: JN6541                                                                                                                                                                                                                                                                                                                                                                                                                                                                                                                                                                                                                                                                                                                                                                                                                                                                                                                                                                                                                                        <\/p>\n","protected":false},"excerpt":{"rendered":"<p>BA\u00f1ADOR SLIP 3 BANDAS<\/p>\n","protected":false},"featured_media":58470,"template":"","meta":[],"product_brand":[],"product_cat":[246],"product_tag":[18],"class_list":{"0":"post-45674","1":"product","2":"type-product","3":"status-publish","4":"has-post-thumbnail","6":"product_cat-hombre_textil_banadores","7":"product_tag-adidas","8":"pa_color-unico","9":"pa_talla-m","10":"pa_talla-s","11":"thunk-woo-product-list","12":"opn-qv-enable","13":"open-woo-hover-","14":"open-single-product-tab-horizontal","15":"open-shadow-","16":"open-shadow-hover-","18":"first","19":"instock","20":"shipping-taxable","21":"purchasable","22":"product-type-variable"},"jetpack_sharing_enabled":true,"_links":{"self":[{"href":"https:\/\/www.deporteseli.com\/index.php?rest_route=\/wp\/v2\/product\/45674","targetHints":{"allow":["GET"]}}],"collection":[{"href":"https:\/\/www.deporteseli.com\/index.php?rest_route=\/wp\/v2\/product"}],"about":[{"href":"https:\/\/www.deporteseli.com\/index.php?rest_route=\/wp\/v2\/types\/product"}],"wp:featuredmedia":[{"embeddable":true,"href":"https:\/\/www.deporteseli.com\/index.php?rest_route=\/wp\/v2\/media\/58470"}],"wp:attachment":[{"href":"https:\/\/www.deporteseli.com\/index.php?rest_route=%2Fwp%2Fv2%2Fmedia&parent=45674"}],"wp:term":[{"taxonomy":"product_brand","embeddable":true,"href":"https:\/\/www.deporteseli.com\/index.php?rest_route=%2Fwp%2Fv2%2Fproduct_brand&post=45674"},{"taxonomy":"product_cat","embeddable":true,"href":"https:\/\/www.deporteseli.com\/index.php?rest_route=%2Fwp%2Fv2%2Fproduct_cat&post=45674"},{"taxonomy":"product_tag","embeddable":true,"href":"https:\/\/www.deporteseli.com\/index.php?rest_route=%2Fwp%2Fv2%2Fproduct_tag&post=45674"}],"curies":[{"name":"wp","href":"https:\/\/api.w.org\/{rel}","templated":true}]}}