{"id":45672,"date":"2026-01-27T20:56:49","date_gmt":"2026-01-27T20:56:49","guid":{"rendered":"https:\/\/www.deporteseli.com\/?product=mochila-head-261235"},"modified":"2026-01-27T20:56:51","modified_gmt":"2026-01-27T20:56:51","slug":"mochila-head-261235","status":"publish","type":"product","link":"https:\/\/www.deporteseli.com\/?product=mochila-head-261235","title":{"rendered":"MOCHILA HEAD 261235"},"content":{"rendered":"<p>Mochila de p\u00e1del Base negra de HEAD \u2013 Estilo sobrio y comodidad inigualable  \u00bfQu\u00e9 m\u00e1s puedes pedir de una mochila que lo tiene todo? La mochila HEAD Base negra redefine la elegancia y la funcionalidad en un solo accesorio. Su dise\u00f1o en negro, cl\u00e1sico y atemporal, se adapta a cualquier estilo, mientras que su estructura compacta asegura una experiencia de transporte excepcional.    Con un compartimento principal espacioso que se ajusta a tus necesidades, podr\u00e1s guardar tu pala, ropa y otros accesorios esenciales de p\u00e1del sin problemas. Adem\u00e1s, un bolsillo frontal con cierre te permite acceder r\u00e1pidamente a tus pertenencias m\u00e1s peque\u00f1as. Construida con materiales resistentes, esta mochila de p\u00e1del ofrece una durabilidad sobresaliente para el uso diario, y sus correas acolchadas y ajustables garantizan la m\u00e1xima comodidad durante el transporte.    Caracter\u00edsticas de la mochila de p\u00e1del HEAD Base  Compartimento principal para almacenar tu pala: Un espacio central exclusivo para mantener tu pala protegida y organizada durante el transporte.  Bolsillo frontal con cierre para tus accesorios: Un bolsillo ubicado en la parte delantera, con cremallera, perfecto para guardar tus objetos personales o peque\u00f1os accesorios.  Dos bolsillos laterales de malla: Pr\u00e1cticos compartimentos de malla en los laterales, ideales para llevar art\u00edculos como botellas o pelotas de manera accesible.  Volumen: 17 litros.                                                                                                                                                                                                                                                                                                                                                                                                                                                                                                                                                                                                                                                                                                                                                                                                                                                                                                                                                                                                                                        <\/p>\n","protected":false},"excerpt":{"rendered":"<p>MOCHILA HEAD 261235<\/p>\n","protected":false},"featured_media":58467,"template":"","meta":[],"product_brand":[],"product_cat":[355],"product_tag":[22],"class_list":{"0":"post-45672","1":"product","2":"type-product","3":"status-publish","4":"has-post-thumbnail","6":"product_cat-padel_y_tenis_mochilas","7":"product_tag-head","8":"pa_color-unico","9":"pa_talla-unica","10":"thunk-woo-product-list","11":"opn-qv-enable","12":"open-woo-hover-","13":"open-single-product-tab-horizontal","14":"open-shadow-","15":"open-shadow-hover-","17":"first","18":"instock","19":"sale","20":"shipping-taxable","21":"purchasable","22":"product-type-variable"},"jetpack_sharing_enabled":true,"_links":{"self":[{"href":"https:\/\/www.deporteseli.com\/index.php?rest_route=\/wp\/v2\/product\/45672","targetHints":{"allow":["GET"]}}],"collection":[{"href":"https:\/\/www.deporteseli.com\/index.php?rest_route=\/wp\/v2\/product"}],"about":[{"href":"https:\/\/www.deporteseli.com\/index.php?rest_route=\/wp\/v2\/types\/product"}],"wp:featuredmedia":[{"embeddable":true,"href":"https:\/\/www.deporteseli.com\/index.php?rest_route=\/wp\/v2\/media\/58467"}],"wp:attachment":[{"href":"https:\/\/www.deporteseli.com\/index.php?rest_route=%2Fwp%2Fv2%2Fmedia&parent=45672"}],"wp:term":[{"taxonomy":"product_brand","embeddable":true,"href":"https:\/\/www.deporteseli.com\/index.php?rest_route=%2Fwp%2Fv2%2Fproduct_brand&post=45672"},{"taxonomy":"product_cat","embeddable":true,"href":"https:\/\/www.deporteseli.com\/index.php?rest_route=%2Fwp%2Fv2%2Fproduct_cat&post=45672"},{"taxonomy":"product_tag","embeddable":true,"href":"https:\/\/www.deporteseli.com\/index.php?rest_route=%2Fwp%2Fv2%2Fproduct_tag&post=45672"}],"curies":[{"name":"wp","href":"https:\/\/api.w.org\/{rel}","templated":true}]}}