{"id":45661,"date":"2026-01-27T20:56:32","date_gmt":"2026-01-27T20:56:32","guid":{"rendered":"https:\/\/www.deporteseli.com\/?product=short-reebok-100217147"},"modified":"2026-03-07T06:23:48","modified_gmt":"2026-03-07T06:23:48","slug":"short-reebok-100217147","status":"publish","type":"product","link":"https:\/\/www.deporteseli.com\/?product=short-reebok-100217147","title":{"rendered":"SHORT REEBOK 100217147"},"content":{"rendered":"<p>PANTALONES CORTOS VERS\u00c1TILES DE TEJIDO FRANCES    . Los pantalones cortos Reebok son tan c\u00f3modos que puedes usarlos todo el d\u00eda. El suave tejido French terry te sienta bien cuando te relajas en casa o mientras haces recados. F\u00edjate en el cl\u00e1sico logo bordado en el lateral.                                                                                                                                                                                                                                                                                                                                                                                                                                                                                                                                                                                                                                                                                                                                                                                                                                                                                                                                                                                                                                        <\/p>\n","protected":false},"excerpt":{"rendered":"<p>SHORT REEBOK 100217147<\/p>\n","protected":false},"featured_media":58460,"template":"","meta":[],"product_brand":[],"product_cat":[250],"product_tag":[41],"class_list":{"0":"post-45661","1":"product","2":"type-product","3":"status-publish","4":"has-post-thumbnail","6":"product_cat-hombre_textil_bermudas","7":"product_tag-reebok","8":"pa_color-unico","9":"pa_talla-l","10":"pa_talla-xl","11":"thunk-woo-product-list","12":"opn-qv-enable","13":"open-woo-hover-","14":"open-single-product-tab-horizontal","15":"open-shadow-","16":"open-shadow-hover-","18":"first","19":"instock","20":"shipping-taxable","21":"purchasable","22":"product-type-variable"},"jetpack_sharing_enabled":true,"_links":{"self":[{"href":"https:\/\/www.deporteseli.com\/index.php?rest_route=\/wp\/v2\/product\/45661","targetHints":{"allow":["GET"]}}],"collection":[{"href":"https:\/\/www.deporteseli.com\/index.php?rest_route=\/wp\/v2\/product"}],"about":[{"href":"https:\/\/www.deporteseli.com\/index.php?rest_route=\/wp\/v2\/types\/product"}],"wp:featuredmedia":[{"embeddable":true,"href":"https:\/\/www.deporteseli.com\/index.php?rest_route=\/wp\/v2\/media\/58460"}],"wp:attachment":[{"href":"https:\/\/www.deporteseli.com\/index.php?rest_route=%2Fwp%2Fv2%2Fmedia&parent=45661"}],"wp:term":[{"taxonomy":"product_brand","embeddable":true,"href":"https:\/\/www.deporteseli.com\/index.php?rest_route=%2Fwp%2Fv2%2Fproduct_brand&post=45661"},{"taxonomy":"product_cat","embeddable":true,"href":"https:\/\/www.deporteseli.com\/index.php?rest_route=%2Fwp%2Fv2%2Fproduct_cat&post=45661"},{"taxonomy":"product_tag","embeddable":true,"href":"https:\/\/www.deporteseli.com\/index.php?rest_route=%2Fwp%2Fv2%2Fproduct_tag&post=45661"}],"curies":[{"name":"wp","href":"https:\/\/api.w.org\/{rel}","templated":true}]}}