{"id":45641,"date":"2026-01-27T20:56:02","date_gmt":"2026-01-27T20:56:02","guid":{"rendered":"https:\/\/www.deporteseli.com\/?product=gorra-adidas-jd1333-junior"},"modified":"2026-02-16T07:56:41","modified_gmt":"2026-02-16T07:56:41","slug":"gorra-adidas-jd1333-junior","status":"publish","type":"product","link":"https:\/\/www.deporteseli.com\/?product=gorra-adidas-jd1333-junior","title":{"rendered":"GORRA ADIDAS JD1333 JUNIOR"},"content":{"rendered":"<p>DESCRIPCI\u00d3N  Esta gorra adidas es perfecta para que tu peque disfrute al m\u00e1ximo de sus aventuras al aire libre. La visera curvada le protege del sol, mientras que el tejido de sarga de algod\u00f3n suave le ofrece una gran comodidad. Su dise\u00f1o llamativo con detalles en contraste har\u00e1 que quiera pon\u00e9rsela cada vez que salga a la calle.                                                                                                                                                                                                                                                                                                                                                                                                                                                                                                                                                                                                                                                                                                                                                                                                                                                                                                                                                                                                                                        <\/p>\n","protected":false},"excerpt":{"rendered":"<p>GORRA ADIDAS JD1333 JUNIOR<\/p>\n","protected":false},"featured_media":58441,"template":"","meta":[],"product_brand":[],"product_cat":[399],"product_tag":[18],"class_list":{"0":"post-45641","1":"product","2":"type-product","3":"status-publish","4":"has-post-thumbnail","6":"product_cat-accesorios_gorras","7":"product_tag-adidas","8":"pa_color-unico","9":"pa_talla-l","10":"pa_talla-s","11":"thunk-woo-product-list","12":"opn-qv-enable","13":"open-woo-hover-","14":"open-single-product-tab-horizontal","15":"open-shadow-","16":"open-shadow-hover-","18":"first","19":"instock","20":"shipping-taxable","21":"purchasable","22":"product-type-variable"},"jetpack_sharing_enabled":true,"_links":{"self":[{"href":"https:\/\/www.deporteseli.com\/index.php?rest_route=\/wp\/v2\/product\/45641","targetHints":{"allow":["GET"]}}],"collection":[{"href":"https:\/\/www.deporteseli.com\/index.php?rest_route=\/wp\/v2\/product"}],"about":[{"href":"https:\/\/www.deporteseli.com\/index.php?rest_route=\/wp\/v2\/types\/product"}],"wp:featuredmedia":[{"embeddable":true,"href":"https:\/\/www.deporteseli.com\/index.php?rest_route=\/wp\/v2\/media\/58441"}],"wp:attachment":[{"href":"https:\/\/www.deporteseli.com\/index.php?rest_route=%2Fwp%2Fv2%2Fmedia&parent=45641"}],"wp:term":[{"taxonomy":"product_brand","embeddable":true,"href":"https:\/\/www.deporteseli.com\/index.php?rest_route=%2Fwp%2Fv2%2Fproduct_brand&post=45641"},{"taxonomy":"product_cat","embeddable":true,"href":"https:\/\/www.deporteseli.com\/index.php?rest_route=%2Fwp%2Fv2%2Fproduct_cat&post=45641"},{"taxonomy":"product_tag","embeddable":true,"href":"https:\/\/www.deporteseli.com\/index.php?rest_route=%2Fwp%2Fv2%2Fproduct_tag&post=45641"}],"curies":[{"name":"wp","href":"https:\/\/api.w.org\/{rel}","templated":true}]}}