{"id":45637,"date":"2026-01-27T20:55:54","date_gmt":"2026-01-27T20:55:54","guid":{"rendered":"https:\/\/www.deporteseli.com\/?product=camiseta-essentials-9"},"modified":"2026-04-10T08:25:07","modified_gmt":"2026-04-10T08:25:07","slug":"camiseta-essentials-9","status":"publish","type":"product","link":"https:\/\/www.deporteseli.com\/?product=camiseta-essentials-9","title":{"rendered":"CAMISETA ESSENTIALS"},"content":{"rendered":"<p>ESENCIAL POR MUCHAS RAZONES  Esta camiseta adidas para j\u00f3venes deportistas se adapta a tu d\u00eda a d\u00eda como anillo al dedo. Se ha confeccionado en un tejido de punto suave que te ofrece una total comodidad mientras te diviertes con tus amigos o te relajas en casa. El gran logotipo de las 3 bandas en el pecho refleja tu pasi\u00f3n por adidas.  Corte cl\u00e1sico  Cuello redondo  100% algod\u00f3n  Color del art\u00edculo: Olive Strata \/ Black  N\u00famero de art\u00edculo: JC9658                                                                                                                                                                                                                                                                                                                                                                                                                                                                                                                                                                                                                                                                                                                                                                                                                                                                                                                                                                                                                                        <\/p>\n","protected":false},"excerpt":{"rendered":"<p>CAMISETA ESSENTIALS<\/p>\n","protected":false},"featured_media":75026,"template":"","meta":[],"product_brand":[],"product_cat":[296],"product_tag":[18],"class_list":{"0":"post-45637","1":"product","2":"type-product","3":"status-publish","4":"has-post-thumbnail","6":"product_cat-nino_textil_camisetas","7":"product_tag-adidas","8":"pa_color-unico","9":"pa_talla-t-10","10":"pa_talla-t-12","11":"pa_talla-t-14","12":"pa_talla-t-16","13":"pa_talla-t-8","14":"thunk-woo-product-list","15":"opn-qv-enable","16":"open-woo-hover-","17":"open-single-product-tab-horizontal","18":"open-shadow-","19":"open-shadow-hover-","21":"first","22":"instock","23":"shipping-taxable","24":"purchasable","25":"product-type-variable"},"jetpack_sharing_enabled":true,"_links":{"self":[{"href":"https:\/\/www.deporteseli.com\/index.php?rest_route=\/wp\/v2\/product\/45637","targetHints":{"allow":["GET"]}}],"collection":[{"href":"https:\/\/www.deporteseli.com\/index.php?rest_route=\/wp\/v2\/product"}],"about":[{"href":"https:\/\/www.deporteseli.com\/index.php?rest_route=\/wp\/v2\/types\/product"}],"wp:featuredmedia":[{"embeddable":true,"href":"https:\/\/www.deporteseli.com\/index.php?rest_route=\/wp\/v2\/media\/75026"}],"wp:attachment":[{"href":"https:\/\/www.deporteseli.com\/index.php?rest_route=%2Fwp%2Fv2%2Fmedia&parent=45637"}],"wp:term":[{"taxonomy":"product_brand","embeddable":true,"href":"https:\/\/www.deporteseli.com\/index.php?rest_route=%2Fwp%2Fv2%2Fproduct_brand&post=45637"},{"taxonomy":"product_cat","embeddable":true,"href":"https:\/\/www.deporteseli.com\/index.php?rest_route=%2Fwp%2Fv2%2Fproduct_cat&post=45637"},{"taxonomy":"product_tag","embeddable":true,"href":"https:\/\/www.deporteseli.com\/index.php?rest_route=%2Fwp%2Fv2%2Fproduct_tag&post=45637"}],"curies":[{"name":"wp","href":"https:\/\/api.w.org\/{rel}","templated":true}]}}