{"id":45635,"date":"2026-01-27T20:55:51","date_gmt":"2026-01-27T20:55:51","guid":{"rendered":"https:\/\/www.deporteseli.com\/?product=zapatilla-runfalcon-5-running"},"modified":"2026-01-27T20:55:53","modified_gmt":"2026-01-27T20:55:53","slug":"zapatilla-runfalcon-5-running","status":"publish","type":"product","link":"https:\/\/www.deporteseli.com\/?product=zapatilla-runfalcon-5-running","title":{"rendered":"ZAPATILLA RUNFALCON 5 RUNNING"},"content":{"rendered":"<p>MAXIMIZA TUS CARRERAS DIARIAS  Tanto en la pista como en la cinta de correr, alcanza todas tus metas con esta zapatilla de running adidas. Incorpora una mediasuela con amortiguaci\u00f3n Cloudfoam que te ofrece una pisada m\u00e1s c\u00f3moda y suave. El empeine de malla transpirable y la suela Adiwear de gran resistencia al desgaste la convierten en una silueta perfecta para llevar durante todo el d\u00eda.  Horma cl\u00e1sica  Cierre de cordones  Empeine de malla  Forro textil  Plantilla OrthoLite\u00ae  Mediasuela Cloudfoam  Peso: 245 g (talla 38 2\/3)  Drop: 9 mm (tal\u00f3n: 31 mm \/ antepi\u00e9: 22 mm)  Suela Adiwear  Color del art\u00edculo: Core Black \/ Core Black \/ Core Black  N\u00famero de art\u00edculo: IE8828                                                                                                                                                                                                                                                                                                                                                                                                                                                                                                                                                                                                                                                                                                                                                                                                                                                                                                                                                                                                                                        <\/p>\n","protected":false},"excerpt":{"rendered":"<p>ZAPATILLA RUNFALCON 5 RUNNING<\/p>\n","protected":false},"featured_media":58434,"template":"","meta":[],"product_brand":[],"product_cat":[285],"product_tag":[18],"class_list":{"0":"post-45635","1":"product","2":"type-product","3":"status-publish","4":"has-post-thumbnail","6":"product_cat-mujer_calzado_running","7":"product_tag-adidas","8":"pa_color-unico","9":"pa_talla-145","10":"thunk-woo-product-list","11":"opn-qv-enable","12":"open-woo-hover-","13":"open-single-product-tab-horizontal","14":"open-shadow-","15":"open-shadow-hover-","17":"first","18":"instock","19":"sale","20":"shipping-taxable","21":"purchasable","22":"product-type-variable"},"jetpack_sharing_enabled":true,"_links":{"self":[{"href":"https:\/\/www.deporteseli.com\/index.php?rest_route=\/wp\/v2\/product\/45635","targetHints":{"allow":["GET"]}}],"collection":[{"href":"https:\/\/www.deporteseli.com\/index.php?rest_route=\/wp\/v2\/product"}],"about":[{"href":"https:\/\/www.deporteseli.com\/index.php?rest_route=\/wp\/v2\/types\/product"}],"wp:featuredmedia":[{"embeddable":true,"href":"https:\/\/www.deporteseli.com\/index.php?rest_route=\/wp\/v2\/media\/58434"}],"wp:attachment":[{"href":"https:\/\/www.deporteseli.com\/index.php?rest_route=%2Fwp%2Fv2%2Fmedia&parent=45635"}],"wp:term":[{"taxonomy":"product_brand","embeddable":true,"href":"https:\/\/www.deporteseli.com\/index.php?rest_route=%2Fwp%2Fv2%2Fproduct_brand&post=45635"},{"taxonomy":"product_cat","embeddable":true,"href":"https:\/\/www.deporteseli.com\/index.php?rest_route=%2Fwp%2Fv2%2Fproduct_cat&post=45635"},{"taxonomy":"product_tag","embeddable":true,"href":"https:\/\/www.deporteseli.com\/index.php?rest_route=%2Fwp%2Fv2%2Fproduct_tag&post=45635"}],"curies":[{"name":"wp","href":"https:\/\/api.w.org\/{rel}","templated":true}]}}