{"id":45631,"date":"2026-01-27T20:55:45","date_gmt":"2026-01-27T20:55:45","guid":{"rendered":"https:\/\/www.deporteseli.com\/?product=camiseta-essentials-8"},"modified":"2026-03-07T06:23:37","modified_gmt":"2026-03-07T06:23:37","slug":"camiseta-essentials-8","status":"publish","type":"product","link":"https:\/\/www.deporteseli.com\/?product=camiseta-essentials-8","title":{"rendered":"CAMISETA ESSENTIALS"},"content":{"rendered":"<p>CAMISETA ESSENTIALS PARA NI\u00d1OS  UNA CAMISETA TOTALMENTE DE ALGOD\u00d3N CON UN ENORME ORGULLO POR LA MARCA.  Esta camiseta adidas para j\u00f3venes es perfecta para cualquier ocasi\u00f3n. Su tejido suave y transpirable te mantiene c\u00f3modo, ya sea que est\u00e9s entrenando o simplemente paseando. El gran logotipo de 3 barras en el pecho le da un toque deportivo. Comb\u00ednala con tus joggers favoritos para un look casual y deportivo.  Ajuste regular  Cuello redondo  100% algod\u00f3n  C\u00f3digo de producto: JE1386                                                                                                                                                                                                                                                                                                                                                                                                                                                                                                                                                                                                                                                                                                                                                                                                                                                                                                                                                                                                                                        <\/p>\n","protected":false},"excerpt":{"rendered":"<p>CAMISETA ESSENTIALS<\/p>\n","protected":false},"featured_media":58432,"template":"","meta":[],"product_brand":[],"product_cat":[376],"product_tag":[18],"class_list":{"0":"post-45631","1":"product","2":"type-product","3":"status-publish","4":"has-post-thumbnail","6":"product_cat-ninas_textil_camisetas","7":"product_tag-adidas","8":"pa_color-unico","9":"pa_talla-t-10","10":"pa_talla-t-12","11":"pa_talla-t-16","12":"thunk-woo-product-list","13":"opn-qv-enable","14":"open-woo-hover-","15":"open-single-product-tab-horizontal","16":"open-shadow-","17":"open-shadow-hover-","19":"first","20":"instock","21":"shipping-taxable","22":"purchasable","23":"product-type-variable"},"jetpack_sharing_enabled":true,"_links":{"self":[{"href":"https:\/\/www.deporteseli.com\/index.php?rest_route=\/wp\/v2\/product\/45631","targetHints":{"allow":["GET"]}}],"collection":[{"href":"https:\/\/www.deporteseli.com\/index.php?rest_route=\/wp\/v2\/product"}],"about":[{"href":"https:\/\/www.deporteseli.com\/index.php?rest_route=\/wp\/v2\/types\/product"}],"wp:featuredmedia":[{"embeddable":true,"href":"https:\/\/www.deporteseli.com\/index.php?rest_route=\/wp\/v2\/media\/58432"}],"wp:attachment":[{"href":"https:\/\/www.deporteseli.com\/index.php?rest_route=%2Fwp%2Fv2%2Fmedia&parent=45631"}],"wp:term":[{"taxonomy":"product_brand","embeddable":true,"href":"https:\/\/www.deporteseli.com\/index.php?rest_route=%2Fwp%2Fv2%2Fproduct_brand&post=45631"},{"taxonomy":"product_cat","embeddable":true,"href":"https:\/\/www.deporteseli.com\/index.php?rest_route=%2Fwp%2Fv2%2Fproduct_cat&post=45631"},{"taxonomy":"product_tag","embeddable":true,"href":"https:\/\/www.deporteseli.com\/index.php?rest_route=%2Fwp%2Fv2%2Fproduct_tag&post=45631"}],"curies":[{"name":"wp","href":"https:\/\/api.w.org\/{rel}","templated":true}]}}