{"id":45623,"date":"2026-01-27T20:55:35","date_gmt":"2026-01-27T20:55:35","guid":{"rendered":"https:\/\/www.deporteseli.com\/?product=short-adidas-jc8346-25"},"modified":"2026-03-10T05:22:56","modified_gmt":"2026-03-10T05:22:56","slug":"short-adidas-jc8346-25","status":"publish","type":"product","link":"https:\/\/www.deporteseli.com\/?product=short-adidas-jc8346-25","title":{"rendered":"SHORT ADIDAS JC8346\/25"},"content":{"rendered":"<p>DESCRIPCI\u00d3N  Da lo mejor de ti cada vez que entrenes. Este pantal\u00f3n corto adidas es perfecto para lograrlo ya sea levantando pesas, con ejercicios de calistenia o en sesiones de HIIT. Se ha confeccionado en un tejido suave con tecnolog\u00eda transpirable AEROREADY que mantiene la piel seca sea cual sea la intensidad del entrenamiento.  Este producto se ha fabricado con un 100% de material reciclado. Su objetivo es plantear otra soluci\u00f3n m\u00e1s que ayude a eliminar los residuos pl\u00e1sticos.                                                                                                                                                                                                                                                                                                                                                                                                                                                                                                                                                                                                                                                                                                                                                                                                                                                                                                                                                                                                                                        <\/p>\n","protected":false},"excerpt":{"rendered":"<p>SHORT ADIDAS JC8346\/25<\/p>\n","protected":false},"featured_media":58426,"template":"","meta":[],"product_brand":[],"product_cat":[250],"product_tag":[18],"class_list":{"0":"post-45623","1":"product","2":"type-product","3":"status-publish","4":"has-post-thumbnail","6":"product_cat-hombre_textil_bermudas","7":"product_tag-adidas","8":"pa_color-unico","9":"pa_talla-l","10":"pa_talla-m","11":"pa_talla-s","12":"pa_talla-xl","13":"pa_talla-xxl","14":"thunk-woo-product-list","15":"opn-qv-enable","16":"open-woo-hover-","17":"open-single-product-tab-horizontal","18":"open-shadow-","19":"open-shadow-hover-","21":"first","22":"instock","23":"shipping-taxable","24":"purchasable","25":"product-type-variable"},"jetpack_sharing_enabled":true,"_links":{"self":[{"href":"https:\/\/www.deporteseli.com\/index.php?rest_route=\/wp\/v2\/product\/45623","targetHints":{"allow":["GET"]}}],"collection":[{"href":"https:\/\/www.deporteseli.com\/index.php?rest_route=\/wp\/v2\/product"}],"about":[{"href":"https:\/\/www.deporteseli.com\/index.php?rest_route=\/wp\/v2\/types\/product"}],"wp:featuredmedia":[{"embeddable":true,"href":"https:\/\/www.deporteseli.com\/index.php?rest_route=\/wp\/v2\/media\/58426"}],"wp:attachment":[{"href":"https:\/\/www.deporteseli.com\/index.php?rest_route=%2Fwp%2Fv2%2Fmedia&parent=45623"}],"wp:term":[{"taxonomy":"product_brand","embeddable":true,"href":"https:\/\/www.deporteseli.com\/index.php?rest_route=%2Fwp%2Fv2%2Fproduct_brand&post=45623"},{"taxonomy":"product_cat","embeddable":true,"href":"https:\/\/www.deporteseli.com\/index.php?rest_route=%2Fwp%2Fv2%2Fproduct_cat&post=45623"},{"taxonomy":"product_tag","embeddable":true,"href":"https:\/\/www.deporteseli.com\/index.php?rest_route=%2Fwp%2Fv2%2Fproduct_tag&post=45623"}],"curies":[{"name":"wp","href":"https:\/\/api.w.org\/{rel}","templated":true}]}}