{"id":45620,"date":"2026-01-27T20:55:30","date_gmt":"2026-01-27T20:55:30","guid":{"rendered":"https:\/\/www.deporteseli.com\/?product=mangas-aeroready"},"modified":"2026-04-12T04:17:31","modified_gmt":"2026-04-12T04:17:31","slug":"mangas-aeroready","status":"publish","type":"product","link":"https:\/\/www.deporteseli.com\/?product=mangas-aeroready","title":{"rendered":"MANGAS AEROREADY"},"content":{"rendered":"<p>A PLENO RENDIMIENTO  Estas mangas adidas presentan un tejido transpirable AEROREADY que mantiene la piel seca en los entrenamientos m\u00e1s intensos. Los detalles reflectantes te hacen m\u00e1s visible en condiciones de poca luz. Los ribetes de silicona en los pu\u00f1os evitan que se desplacen.    Este producto contiene al menos un 70% de materiales reciclados. Utilizando materiales reciclados, reducimos los residuos, nuestra dependencia de los recursos finitos y la huella que generan los productos que fabricamos.  Dise\u00f1o ajustado  Punto 84% poli\u00e9ster reciclado \/ 16% elast\u00e1n  AEROREADY  Pu\u00f1os con silicona antideslizante en el interior  Tejido transpirable  Detalles reflectantes  Color del art\u00edculo: Black  N\u00famero de art\u00edculo: HY4630                                                                                                                                                                                                                                                                                                                                                                                                                                                                                                                                                                                                                                                                                                                                                                                                                                                                                                                                                                                                                                        <\/p>\n","protected":false},"excerpt":{"rendered":"<p>MANGAS AEROREADY<\/p>\n","protected":false},"featured_media":58423,"template":"","meta":[],"product_brand":[],"product_cat":[242],"product_tag":[18],"class_list":{"0":"post-45620","1":"product","2":"type-product","3":"status-publish","4":"has-post-thumbnail","6":"product_cat-unisex_accesorios","7":"product_tag-adidas","8":"pa_color-unico","9":"pa_talla-l","10":"pa_talla-m","11":"thunk-woo-product-list","12":"opn-qv-enable","13":"open-woo-hover-","14":"open-single-product-tab-horizontal","15":"open-shadow-","16":"open-shadow-hover-","18":"first","19":"instock","20":"shipping-taxable","21":"purchasable","22":"product-type-variable"},"jetpack_sharing_enabled":true,"_links":{"self":[{"href":"https:\/\/www.deporteseli.com\/index.php?rest_route=\/wp\/v2\/product\/45620","targetHints":{"allow":["GET"]}}],"collection":[{"href":"https:\/\/www.deporteseli.com\/index.php?rest_route=\/wp\/v2\/product"}],"about":[{"href":"https:\/\/www.deporteseli.com\/index.php?rest_route=\/wp\/v2\/types\/product"}],"wp:featuredmedia":[{"embeddable":true,"href":"https:\/\/www.deporteseli.com\/index.php?rest_route=\/wp\/v2\/media\/58423"}],"wp:attachment":[{"href":"https:\/\/www.deporteseli.com\/index.php?rest_route=%2Fwp%2Fv2%2Fmedia&parent=45620"}],"wp:term":[{"taxonomy":"product_brand","embeddable":true,"href":"https:\/\/www.deporteseli.com\/index.php?rest_route=%2Fwp%2Fv2%2Fproduct_brand&post=45620"},{"taxonomy":"product_cat","embeddable":true,"href":"https:\/\/www.deporteseli.com\/index.php?rest_route=%2Fwp%2Fv2%2Fproduct_cat&post=45620"},{"taxonomy":"product_tag","embeddable":true,"href":"https:\/\/www.deporteseli.com\/index.php?rest_route=%2Fwp%2Fv2%2Fproduct_tag&post=45620"}],"curies":[{"name":"wp","href":"https:\/\/api.w.org\/{rel}","templated":true}]}}