{"id":45618,"date":"2026-01-27T20:55:27","date_gmt":"2026-01-27T20:55:27","guid":{"rendered":"https:\/\/www.deporteseli.com\/?product=tenis-adidas-ig6973"},"modified":"2026-01-27T20:55:29","modified_gmt":"2026-01-27T20:55:29","slug":"tenis-adidas-ig6973","status":"publish","type":"product","link":"https:\/\/www.deporteseli.com\/?product=tenis-adidas-ig6973","title":{"rendered":"TENIS ADIDAS IG6973"},"content":{"rendered":"<p>DESCRIPCI\u00d3N  Cada d\u00eda es una aventura con esta zapatilla adidas para j\u00f3venes con estilo que no pasa precisamente muy desapercibida. Su dise\u00f1o vers\u00e1til te ofrece la comodidad que buscas durante todo el d\u00eda, tanto para echar unas canastas como para pasar la tarde en el parque. Presenta un empeine de piel sint\u00e9tica y una suela cosida con plataforma que le confiere un toque sofisticado de altura.                                                                                                                                                                                                                                                                                                                                                                                                                                                                                                                                                                                                                                                                                                                                                                                                                                                                                                                                                                                                                                        <\/p>\n","protected":false},"excerpt":{"rendered":"<p>TENIS ADIDAS IG6973<\/p>\n","protected":false},"featured_media":58418,"template":"","meta":[],"product_brand":[],"product_cat":[287],"product_tag":[18],"class_list":{"0":"post-45618","1":"product","2":"type-product","3":"status-publish","4":"has-post-thumbnail","6":"product_cat-mujer_calzado_casual","7":"product_tag-adidas","8":"pa_color-unico","9":"pa_talla-37-5","10":"thunk-woo-product-list","11":"opn-qv-enable","12":"open-woo-hover-","13":"open-single-product-tab-horizontal","14":"open-shadow-","15":"open-shadow-hover-","17":"first","18":"instock","19":"sale","20":"shipping-taxable","21":"purchasable","22":"product-type-variable"},"jetpack_sharing_enabled":true,"_links":{"self":[{"href":"https:\/\/www.deporteseli.com\/index.php?rest_route=\/wp\/v2\/product\/45618","targetHints":{"allow":["GET"]}}],"collection":[{"href":"https:\/\/www.deporteseli.com\/index.php?rest_route=\/wp\/v2\/product"}],"about":[{"href":"https:\/\/www.deporteseli.com\/index.php?rest_route=\/wp\/v2\/types\/product"}],"wp:featuredmedia":[{"embeddable":true,"href":"https:\/\/www.deporteseli.com\/index.php?rest_route=\/wp\/v2\/media\/58418"}],"wp:attachment":[{"href":"https:\/\/www.deporteseli.com\/index.php?rest_route=%2Fwp%2Fv2%2Fmedia&parent=45618"}],"wp:term":[{"taxonomy":"product_brand","embeddable":true,"href":"https:\/\/www.deporteseli.com\/index.php?rest_route=%2Fwp%2Fv2%2Fproduct_brand&post=45618"},{"taxonomy":"product_cat","embeddable":true,"href":"https:\/\/www.deporteseli.com\/index.php?rest_route=%2Fwp%2Fv2%2Fproduct_cat&post=45618"},{"taxonomy":"product_tag","embeddable":true,"href":"https:\/\/www.deporteseli.com\/index.php?rest_route=%2Fwp%2Fv2%2Fproduct_tag&post=45618"}],"curies":[{"name":"wp","href":"https:\/\/api.w.org\/{rel}","templated":true}]}}