{"id":45614,"date":"2026-01-27T20:55:22","date_gmt":"2026-01-27T20:55:22","guid":{"rendered":"https:\/\/www.deporteseli.com\/?product=short-adidas-jd0909"},"modified":"2026-03-07T06:23:24","modified_gmt":"2026-03-07T06:23:24","slug":"short-adidas-jd0909","status":"publish","type":"product","link":"https:\/\/www.deporteseli.com\/?product=short-adidas-jd0909","title":{"rendered":"SHORT ADIDAS JD0909"},"content":{"rendered":"<p>DESCRIPCI\u00d3N  Este pantal\u00f3n corto adidas es perfecto para tus d\u00edas de relax. Se ha confeccionado en un tejido de algod\u00f3n suave que te ofrece una comodidad total desde el primer momento. Las cl\u00e1sicas 3 bandas en los laterales le aportan un toque deportivo inconfundible.                                                                                                                                                                                                                                                                                                                                                                                                                                                                                                                                                                                                                                                                                                                                                                                                                                                                                                                                                                                                                                        <\/p>\n","protected":false},"excerpt":{"rendered":"<p>SHORT ADIDAS JD0909<\/p>\n","protected":false},"featured_media":58415,"template":"","meta":[],"product_brand":[],"product_cat":[277],"product_tag":[18],"class_list":{"0":"post-45614","1":"product","2":"type-product","3":"status-publish","4":"has-post-thumbnail","6":"product_cat-mujer_textil_shorts","7":"product_tag-adidas","8":"pa_color-unico","9":"pa_talla-m","10":"pa_talla-s","11":"pa_talla-xs","12":"thunk-woo-product-list","13":"opn-qv-enable","14":"open-woo-hover-","15":"open-single-product-tab-horizontal","16":"open-shadow-","17":"open-shadow-hover-","19":"first","20":"instock","21":"shipping-taxable","22":"purchasable","23":"product-type-variable"},"jetpack_sharing_enabled":true,"_links":{"self":[{"href":"https:\/\/www.deporteseli.com\/index.php?rest_route=\/wp\/v2\/product\/45614","targetHints":{"allow":["GET"]}}],"collection":[{"href":"https:\/\/www.deporteseli.com\/index.php?rest_route=\/wp\/v2\/product"}],"about":[{"href":"https:\/\/www.deporteseli.com\/index.php?rest_route=\/wp\/v2\/types\/product"}],"wp:featuredmedia":[{"embeddable":true,"href":"https:\/\/www.deporteseli.com\/index.php?rest_route=\/wp\/v2\/media\/58415"}],"wp:attachment":[{"href":"https:\/\/www.deporteseli.com\/index.php?rest_route=%2Fwp%2Fv2%2Fmedia&parent=45614"}],"wp:term":[{"taxonomy":"product_brand","embeddable":true,"href":"https:\/\/www.deporteseli.com\/index.php?rest_route=%2Fwp%2Fv2%2Fproduct_brand&post=45614"},{"taxonomy":"product_cat","embeddable":true,"href":"https:\/\/www.deporteseli.com\/index.php?rest_route=%2Fwp%2Fv2%2Fproduct_cat&post=45614"},{"taxonomy":"product_tag","embeddable":true,"href":"https:\/\/www.deporteseli.com\/index.php?rest_route=%2Fwp%2Fv2%2Fproduct_tag&post=45614"}],"curies":[{"name":"wp","href":"https:\/\/api.w.org\/{rel}","templated":true}]}}