{"id":45604,"date":"2026-01-27T20:55:09","date_gmt":"2026-01-27T20:55:09","guid":{"rendered":"https:\/\/www.deporteseli.com\/?product=mochila-classic-horizontal-3-bandas-2"},"modified":"2026-02-12T13:28:47","modified_gmt":"2026-02-12T13:28:47","slug":"mochila-classic-horizontal-3-bandas-2","status":"publish","type":"product","link":"https:\/\/www.deporteseli.com\/?product=mochila-classic-horizontal-3-bandas-2","title":{"rendered":"MOCHILA CLASSIC HORIZONTAL 3 BANDAS"},"content":{"rendered":"<p>C\u00c1RGATE DE COMODIDAD Y ESTILO  Esta mochila adidas luce las cl\u00e1sicas 3 bandas en degrad\u00e9 para que destaques entre la multitud. Mant\u00e9n todo bien organizado gracias al bolsillo en la parte frontal y los bolsillos laterales. La base revestida te ofrece mayor resistencia al desgaste, mientras que las correas ajustables para los hombros te permiten transportarla con la m\u00e1xima comodidad. Incluye un estuche con cremallera a juego para guardar tus enseres de escritura u otros objetos peque\u00f1os.    Este producto se ha fabricado con diferentes materiales t\u00e9cnicos y contiene al menos un 40% de material reciclado. Su objetivo es plantear otra soluci\u00f3n m\u00e1s que ayude a eliminar los residuos pl\u00e1sticos.  Dimensiones: 44 cm x 36 cm x 15 cm  Capacidad: 27,75 l  Tejido t\u00e9cnico 100% poli\u00e9ster reciclado  Bolsillo frontal con cremallera  Bolsillos laterales sin cierre  Correas ajustables para los hombros  Incluye un estuche con cierre de cremallera  Base revestida muy resistente al desgaste  Color del art\u00edculo: Blanch Cargo \/ Black  N\u00famero de art\u00edculo: IZ1896                                                                                                                                                                                                                                                                                                                                                                                                                                                                                                                                                                                                                                                                                                                                                                                                                                                                                                                                                                                                                                        <\/p>\n","protected":false},"excerpt":{"rendered":"<p>MOCHILA CLASSIC HORIZONTAL 3 BANDAS<\/p>\n","protected":false},"featured_media":58406,"template":"","meta":[],"product_brand":[],"product_cat":[401],"product_tag":[18],"class_list":{"0":"post-45604","1":"product","2":"type-product","3":"status-publish","4":"has-post-thumbnail","6":"product_cat-accesorios_mochilas","7":"product_tag-adidas","8":"pa_color-unico","9":"pa_talla-unica","10":"thunk-woo-product-list","11":"opn-qv-enable","12":"open-woo-hover-","13":"open-single-product-tab-horizontal","14":"open-shadow-","15":"open-shadow-hover-","17":"first","18":"instock","19":"shipping-taxable","20":"purchasable","21":"product-type-variable"},"jetpack_sharing_enabled":true,"_links":{"self":[{"href":"https:\/\/www.deporteseli.com\/index.php?rest_route=\/wp\/v2\/product\/45604","targetHints":{"allow":["GET"]}}],"collection":[{"href":"https:\/\/www.deporteseli.com\/index.php?rest_route=\/wp\/v2\/product"}],"about":[{"href":"https:\/\/www.deporteseli.com\/index.php?rest_route=\/wp\/v2\/types\/product"}],"wp:featuredmedia":[{"embeddable":true,"href":"https:\/\/www.deporteseli.com\/index.php?rest_route=\/wp\/v2\/media\/58406"}],"wp:attachment":[{"href":"https:\/\/www.deporteseli.com\/index.php?rest_route=%2Fwp%2Fv2%2Fmedia&parent=45604"}],"wp:term":[{"taxonomy":"product_brand","embeddable":true,"href":"https:\/\/www.deporteseli.com\/index.php?rest_route=%2Fwp%2Fv2%2Fproduct_brand&post=45604"},{"taxonomy":"product_cat","embeddable":true,"href":"https:\/\/www.deporteseli.com\/index.php?rest_route=%2Fwp%2Fv2%2Fproduct_cat&post=45604"},{"taxonomy":"product_tag","embeddable":true,"href":"https:\/\/www.deporteseli.com\/index.php?rest_route=%2Fwp%2Fv2%2Fproduct_tag&post=45604"}],"curies":[{"name":"wp","href":"https:\/\/api.w.org\/{rel}","templated":true}]}}